{"id":60058,"date":"2018-02-07T18:44:04","date_gmt":"2018-02-07T18:44:04","guid":{"rendered":"http:\/\/actec-ong.org\/onze-proyecten\/venezuela"},"modified":"2018-04-24T15:12:59","modified_gmt":"2018-04-24T15:12:59","slug":"venezuela","status":"publish","type":"page","link":"https:\/\/actec-ong.org\/nl\/onze-projecten\/venezuela\/","title":{"rendered":"Venezuela"},"content":{"rendered":"<div class=\"wpb-content-wrapper\"><p>[vc_row bg_type=&#8221;image&#8221; parallax_style=&#8221;vcpb-vz-jquery&#8221; bg_image_new=&#8221;id^57341|url^http:\/\/actec-ong.org\/wp-content\/uploads\/2018\/02\/actec-proyectos-venezuela.jpg|caption^null|alt^null|title^actec-proyectos-venezuela|description^null&#8221; bg_image_repeat=&#8221;no-repeat&#8221; bg_override=&#8221;ex-full&#8221; margin_top=&#8221;-50&#8243; type=&#8221;vc_default&#8221; css=&#8221;.vc_custom_1524478995281{padding-top: 15% !important;padding-bottom: 15% !important;padding-left: 5% !important;}&#8221;][vc_column offset=&#8221;vc_col-lg-12 vc_col-md-12&#8243; css=&#8221;.vc_custom_1476030031960{padding-bottom: 10px !important;}&#8221;]<div id=\"uvc-type-wrap-2934\"  data-ultimate-target='#uvc-type-wrap-2934'  data-responsive-json-new='{\"font-size\":\"desktop:70px;mobile:34px;\",\"line-height\":\"desktop:80px;mobile:44px;\"}'  class=\"uvc-type-wrap  ult-adjust-bottom-margin ult-responsive text-shadow uvc-type-align-left uvc-type-no-prefix uvc-wrap-259439967469de34506b011\" style=\"text-align:left;\"><span id=\"typed-259439967469de34506b011\" class=\"ultimate-typed-main \" style=\"color:#ffffff; font-family:&#039;Roboto&#039;;font-weight:500; text-transform: unset;\"><\/span><script type=\"text\/javascript\">\n\t\t\t\t\t\tjQuery(function($){ \n\t\t\t\t\t\t\t$(document).ready(function(){\n\t\t\t\t\t\t\t\tif( typeof jQuery(\"#typed-259439967469de34506b011\").typed == \"function\"){\n\t\t\t\t\t\t\t\t\t$(\"#typed-259439967469de34506b011\").typed({\n\t\t\t\t\t\t\t\t\t\tstrings: [\"VENEZUELA\"],\n\t\t\t\t\t\t\t\t\t\ttypeSpeed: 100,\n\t\t\t\t\t\t\t\t\t\tbackSpeed: 0,\n\t\t\t\t\t\t\t\t\t\tstartDelay: \"700\",\n\t\t\t\t\t\t\t\t\t\tbackDelay: \"1000000\",\n\t\t\t\t\t\t\t\t\t\tloop: false,\n\t\t\t\t\t\t\t\t\t\tloopCount: false,\n\t\t\t\t\t\t\t\t\t\tshowCursor: true,\n\t\t\t\t\t\t\t\t\t\tcursorChar: \"|\",\n\t\t\t\t\t\t\t\t\t\tattr: null\n\t\t\t\t\t\t\t\t\t});\n\t\t\t\t\t\t\t\t}\n\t\t\t\t\t\t\t});\n\t\t\t\t\t\t});\n\t\t\t\t\t<\/script><\/div><div id=\"uvc-type-wrap-1229\"  data-ultimate-target='#uvc-type-wrap-1229'  data-responsive-json-new='{\"font-size\":\"desktop:34px;mobile:22px;\",\"line-height\":\"desktop:44px;mobile:32px;\"}'  class=\"uvc-type-wrap vc_custom_1524478937618 ult-adjust-bottom-margin ult-responsive text-shadow uvc-type-align-left uvc-type-no-prefix uvc-wrap-228525260369de34506b1dc\" style=\"text-align:left;\"><span id=\"typed-228525260369de34506b1dc\" class=\"ultimate-typed-main \" style=\"color:#ffffff; font-family:&#039;Roboto&#039;;font-weight:normal;font-style:normal; text-transform: unset;\"><\/span><script type=\"text\/javascript\">\n\t\t\t\t\t\tjQuery(function($){ \n\t\t\t\t\t\t\t$(document).ready(function(){\n\t\t\t\t\t\t\t\tif( typeof jQuery(\"#typed-228525260369de34506b1dc\").typed == \"function\"){\n\t\t\t\t\t\t\t\t\t$(\"#typed-228525260369de34506b1dc\").typed({\n\t\t\t\t\t\t\t\t\t\tstrings: [\"AM\u00c9RICA DEL SUR\"],\n\t\t\t\t\t\t\t\t\t\ttypeSpeed: 100,\n\t\t\t\t\t\t\t\t\t\tbackSpeed: 0,\n\t\t\t\t\t\t\t\t\t\tstartDelay: \"1400\",\n\t\t\t\t\t\t\t\t\t\tbackDelay: \"1000000\",\n\t\t\t\t\t\t\t\t\t\tloop: false,\n\t\t\t\t\t\t\t\t\t\tloopCount: false,\n\t\t\t\t\t\t\t\t\t\tshowCursor: true,\n\t\t\t\t\t\t\t\t\t\tcursorChar: \"|\",\n\t\t\t\t\t\t\t\t\t\tattr: null\n\t\t\t\t\t\t\t\t\t});\n\t\t\t\t\t\t\t\t}\n\t\t\t\t\t\t\t});\n\t\t\t\t\t\t});\n\t\t\t\t\t<\/script><\/div>[\/vc_column][\/vc_row][vc_row gap=&#8221;35&#8243; css=&#8221;.vc_custom_1517422639768{padding-top: 75px !important;padding-bottom: 75px !important;}&#8221;][vc_column width=&#8221;1\/2&#8243;][vc_single_image image=&#8221;58587&#8243; img_size=&#8221;full&#8221;][\/vc_column][vc_column width=&#8221;1\/2&#8243;]<div id=\"ultimate-heading-445769de34506b355\" class=\"uvc-heading ult-adjust-bottom-margin ultimate-heading-445769de34506b355 uvc-8836 \" data-hspacer=\"no_spacer\"  data-halign=\"left\" style=\"text-align:left\"><div class=\"uvc-heading-spacer no_spacer\" style=\"top\"><\/div><div class=\"uvc-main-heading ult-responsive\"  data-ultimate-target='.uvc-heading.ultimate-heading-445769de34506b355 h2'  data-responsive-json-new='{\"font-size\":\"desktop:50px;mobile_landscape:30px;\",\"line-height\":\"desktop:60px;mobile_landscape:40px;\"}' ><h2 style=\"font-family:&#039;Fira Sans&#039;;font-weight:600;margin-bottom:35px;\">ACTEC en el pa\u00eds<\/h2><\/div><\/div>[vc_column_text]ACTEC ha estado presente en el pa\u00eds de 1988 hasta 2013.<\/p>\n<p>En el pasado Venezuela fue uno de los pa\u00edses m\u00e1s ricos de Am\u00e9rica del Sur; sin embargo, hoy es uno de los m\u00e1s pobres de la regi\u00f3n.<br \/>\nLas condiciones de vida y los \u00edndices de pobreza en los municipios del estado de M\u00e9rida se encuentran entre los m\u00e1s bajos del pa\u00eds. Sin embargo, esta \u00e1rea posee una importante biodiversidad con reservas naturales, cuyo potencial de desarrollo es evidente.<\/p>\n<p>Los habitantes de la zona rural donde trabajamos est\u00e1n muy aislados dada la geograf\u00eda del lugar. M\u00e1s del 80% de esta poblaci\u00f3n tiene actividades agr\u00edcolas que les dificultan mejorar sus condiciones de vida.<\/p>\n<p>ACTUALMENTE, ACTEC NO FINANCIA PROYECTOS EN EL PA\u00cdS.[\/vc_column_text][\/vc_column][\/vc_row][vc_row equal_height=&#8221;yes&#8221; content_placement=&#8221;middle&#8221; bg_type=&#8221;bg_color&#8221; bg_override=&#8221;ex-full&#8221; parallax_content=&#8221;parallax_content_value&#8221; bg_color_value=&#8221;#e4b876&#8243; css=&#8221;.vc_custom_1517422351581{padding-top: 75px !important;padding-bottom: 75px !important;}&#8221;][vc_column width=&#8221;2\/4&#8243;]<div id=\"ultimate-heading-586769de34506b3cb\" class=\"uvc-heading ult-adjust-bottom-margin ultimate-heading-586769de34506b3cb uvc-2646 \" data-hspacer=\"no_spacer\"  data-halign=\"left\" style=\"text-align:left\"><div class=\"uvc-heading-spacer no_spacer\" style=\"top\"><\/div><div class=\"uvc-main-heading ult-responsive\"  data-ultimate-target='.uvc-heading.ultimate-heading-586769de34506b3cb h2'  data-responsive-json-new='{\"font-size\":\"desktop:40px;mobile_landscape:24px;\",\"line-height\":\"desktop:50px;mobile_landscape:34px;\"}' ><h2 style=\"font-family:&#039;Fira Sans&#039;;font-weight:600;color:#201a15;margin-bottom:10px;\">Nuestros beneficiarios<\/h2><\/div><div class=\"uvc-sub-heading ult-responsive\"  data-ultimate-target='.uvc-heading.ultimate-heading-586769de34506b3cb .uvc-sub-heading '  data-responsive-json-new='{\"font-size\":\"desktop:16px;\",\"line-height\":\"desktop:26px;\"}'  style=\"font-family:&#039;Roboto&#039;;font-weight:normal;font-style:normal;color:#201a15;\">J\u00f3venes y peque\u00f1os productores de las comunidades rurales.<\/div><\/div>[\/vc_column][vc_column width=&#8221;1\/4&#8243;]<div class=\"stats-block stats-top   vc_custom_1518028946776\"><div class=\"aio-icon-top\"><div class=\"ult-just-icon-wrapper  \"><div class=\"align-icon\" style=\"text-align:center;\"><\/div><\/div><\/div><div class=\"stats-desc\" id=\"counter-responsv-wrap-3299\"><div id=\"counter_188945928769de34506b504\" data-id=\"counter_188945928769de34506b504\"  data-ultimate-target='#counter-responsv-wrap-3299 .stats-number'  data-responsive-json-new='{\"font-size\":\"desktop:50px;\",\"line-height\":\"desktop:60px;\"}'  class=\"stats-number ult-responsive\" style=\" color:#201a15; font-family:&#039;Roboto&#039;;font-weight:700;color:#b33723;\" data-speed=\"3\" data-counter-value=\"2\" data-separator=\",\" data-decimal=\".\">0<\/div><div id=\"title-counter_188945928769de34506b504\"  data-ultimate-target='#counter-responsv-wrap-3299 .stats-text'  data-responsive-json-new='{\"font-size\":\"desktop:30px;\",\"line-height\":\"desktop:40px;\"}'  class=\"stats-text ult-responsive\" style=\"font-size:px; color:#201a15; font-family:&#039;Roboto&#039;;font-weight:normal;font-style:normal;\">proyectos<\/div><\/div><\/div>[\/vc_column][vc_column width=&#8221;1\/4&#8243;]<div class=\"stats-block stats-top   vc_custom_1518028978694\"><div class=\"aio-icon-top\"><div class=\"ult-just-icon-wrapper  \"><div class=\"align-icon\" style=\"text-align:center;\"><\/div><\/div><\/div><div class=\"stats-desc\" id=\"counter-responsv-wrap-7072\"><div id=\"counter_104810932269de34506b5c6\" data-id=\"counter_104810932269de34506b5c6\"  data-ultimate-target='#counter-responsv-wrap-7072 .stats-number'  data-responsive-json-new='{\"font-size\":\"desktop:50px;\",\"line-height\":\"desktop:60px;\"}'  class=\"stats-number ult-responsive\" style=\" color:#201a15; font-family:&#039;Roboto&#039;;font-weight:700;color:#b33723;\" data-speed=\"3\" data-counter-value=\"1\" data-separator=\",\" data-decimal=\".\">0<\/div><div id=\"title-counter_104810932269de34506b5c6\"  data-ultimate-target='#counter-responsv-wrap-7072 .stats-text'  data-responsive-json-new='{\"font-size\":\"desktop:30px;\",\"line-height\":\"desktop:40px;\"}'  class=\"stats-text ult-responsive\" style=\"font-size:px; color:#201a15; font-family:&#039;Roboto&#039;;font-weight:normal;font-style:normal;\">socio<\/div><\/div><\/div>[\/vc_column][\/vc_row][vc_row css=&#8221;.vc_custom_1517422590582{padding-top: 75px !important;padding-bottom: 75px !important;}&#8221;][vc_column]<div id=\"ultimate-heading-520669de34506b61c\" class=\"uvc-heading ult-adjust-bottom-margin ultimate-heading-520669de34506b61c uvc-790 \" data-hspacer=\"no_spacer\"  data-halign=\"center\" style=\"text-align:center\"><div class=\"uvc-heading-spacer no_spacer\" style=\"top\"><\/div><div class=\"uvc-main-heading ult-responsive\"  data-ultimate-target='.uvc-heading.ultimate-heading-520669de34506b61c h2'  data-responsive-json-new='{\"font-size\":\"desktop:50px;mobile_landscape:30px;\",\"line-height\":\"desktop:60px;mobile_landscape:40px;\"}' ><h2 style=\"font-family:&#039;Fira Sans&#039;;font-weight:600;margin-bottom:35px;\">Nuestros socios<\/h2><\/div><\/div>[vc_row_inner equal_height=&#8221;yes&#8221; gap=&#8221;35&#8243; css=&#8221;.vc_custom_1517475292213{padding-top: 25px !important;}&#8221;][vc_column_inner width=&#8221;1\/3&#8243;]<div id=\"ultimate-heading-13169de34506b681\" class=\"uvc-heading ult-adjust-bottom-margin ultimate-heading-13169de34506b681 uvc-3456 \" data-hspacer=\"no_spacer\"  data-halign=\"left\" style=\"text-align:left\"><div class=\"uvc-heading-spacer no_spacer\" style=\"top\"><\/div><div class=\"uvc-main-heading ult-responsive\"  data-ultimate-target='.uvc-heading.ultimate-heading-13169de34506b681 h2'  data-responsive-json-new='{\"font-size\":\"desktop:26px;\",\"line-height\":\"desktop:36px;\"}' ><h2 style=\"font-family:&#039;Roboto&#039;;font-weight:normal;font-style:normal;\">Programa Andes Tropicales - PAT<\/h2><\/div><div class=\"uvc-sub-heading ult-responsive\"  data-ultimate-target='.uvc-heading.ultimate-heading-13169de34506b681 .uvc-sub-heading '  data-responsive-json-new='{\"font-size\":\"desktop:16px;mobile_landscape:22px;\",\"line-height\":\"desktop:26px;mobile_landscape:32px;\"}'  style=\"font-family:&#039;Roboto&#039;;font-weight:normal;font-style:normal;color:#b33723;margin-bottom:25px;\"><\/p>\n<h5><a href=\"http:\/\/www.andestropicales.org\" target=\"_blank\" rel=\"noopener\"><span style=\"color: #b33723;\">www.andestropicales.org<\/span><\/a><\/h5>\n<p><\/div><\/div>[vc_column_text]La Fundaci\u00f3n venezolana Programa Andes Tropicales tiene como objetivo el desarrollo rural mediante el sector de turismo desde el a\u00f1o 1997. Tiene una amplia experiencia en dise\u00f1o de productos tur\u00edsticos comunitarios y manejo de fondos de cr\u00e9ditos para el desarrollo rural.[\/vc_column_text][\/vc_column_inner][vc_column_inner width=&#8221;1\/3&#8243;][\/vc_column_inner][vc_column_inner width=&#8221;1\/3&#8243;][\/vc_column_inner][\/vc_row_inner][\/vc_column][\/vc_row][vc_row full_width=&#8221;stretch_row&#8221; bg_type=&#8221;bg_color&#8221; type=&#8221;vc_default&#8221; margin_top=&#8221;-5&#8243; margin_bottom=&#8221;10&#8243; css=&#8221;.vc_custom_1517507840161{padding-top: 75px !important;padding-bottom: 125px !important;}&#8221; bg_color_value=&#8221;#f7f7f7&#8243;][vc_column]<div id=\"ultimate-heading-357069de34506b6e7\" class=\"uvc-heading ult-adjust-bottom-margin ultimate-heading-357069de34506b6e7 uvc-4273 \" data-hspacer=\"no_spacer\"  data-halign=\"center\" style=\"text-align:center\"><div class=\"uvc-heading-spacer no_spacer\" style=\"top\"><\/div><div class=\"uvc-main-heading ult-responsive\"  data-ultimate-target='.uvc-heading.ultimate-heading-357069de34506b6e7 h2'  data-responsive-json-new='{\"font-size\":\"desktop:50px;mobile_landscape:30px;\",\"line-height\":\"desktop:60px;mobile_landscape:40px;\"}' ><h2 style=\"font-family:&#039;Fira Sans&#039;;font-weight:600;margin-bottom:75px;\">Nuestros proyectos<\/h2><\/div><\/div><div class=\"dt-portfolio-shortcode slider-wrapper  owl-carousel dt-owl-carousel-init arrows-light enable-mobile-arrows description-on-hover hover-style-one content-align-left always-show-info\" data-padding-side=\"6\" data-autoslide=\"true\" data-delay=\"3000\" data-loop=\"false\" data-arrows=\"true\">\n\n<article class=\"post post-59939 dt_portfolio type-dt_portfolio status-publish has-post-thumbnail hentry dt_portfolio_category-technische-opleiding dt_portfolio_category-venezuela-nl dt_portfolio_category-321 dt_portfolio_category-312\">\n\n\t<figure class=\"rollover-project \">\n\t<a href=\"https:\/\/actec-ong.org\/nl\/project\/rutas-del-sur\/\" class=\"layzr-bg\" title=\"actec-proyectos-rutas-del-sur-01\"  aria-label=\"Post image\"><img fetchpriority=\"high\" decoding=\"async\" class=\"preload-me lazy-load aspect\" src=\"data:image\/svg+xml,%3Csvg%20xmlns%3D&#39;http%3A%2F%2Fwww.w3.org%2F2000%2Fsvg&#39;%20viewBox%3D&#39;0%200%20282%20282&#39;%2F%3E\" data-src=\"https:\/\/actec-ong.org\/wp-content\/uploads\/2013\/06\/actec-proyectos-rutas-del-sur-01-282x282.jpg\" data-srcset=\"https:\/\/actec-ong.org\/wp-content\/uploads\/2013\/06\/actec-proyectos-rutas-del-sur-01-282x282.jpg 282w, https:\/\/actec-ong.org\/wp-content\/uploads\/2013\/06\/actec-proyectos-rutas-del-sur-01-564x564.jpg 564w\" loading=\"eager\" style=\"--ratio: 282 \/ 282\" sizes=\"(max-width: 282px) 100vw, 282px\" alt=\"\" width=\"282\" height=\"282\"  \/><\/a>\t\t<figcaption class=\"rollover-content\">\n\t\t<div class=\"links-container\"><a href=\"https:\/\/actec-ong.org\/wp-content\/uploads\/2013\/06\/actec-proyectos-rutas-del-sur-01.jpg\" class=\"project-zoom dt-pswp-item dt-single-pswp-popup\" title=\"actec-proyectos-rutas-del-sur-01\" data-dt-img-description=\"\" data-large_image_width=\"1600\" data-large_image_height=\"800\" aria-label=\"Portfolio zoom icon\">Zoom<\/a><a href=\"https:\/\/actec-ong.org\/nl\/project\/rutas-del-sur\/\" class=\"project-details\">Lees verder!<\/a><\/div>\t\t\t\t<div class=\"rollover-content-container\">\n\t\t\t<h3 class=\"entry-title\"><a href=\"https:\/\/actec-ong.org\/nl\/project\/rutas-del-sur\/\" title=\"Rutas del Sur\" rel=\"bookmark\">Rutas del Sur<\/a><\/h3><div class=\"entry-meta portfolio-categories\"><span class=\"category-link\"><a href=\"https:\/\/actec-ong.org\/nl\/project-category\/technische-opleiding\/\" >Technische Opleiding<\/a>, <a href=\"https:\/\/actec-ong.org\/nl\/project-category\/venezuela-nl\/\" >Venezuela<\/a><\/span><\/div>\t\t<\/div>\n\t\t\t\t\t<\/figcaption>\n\t<\/figure>\n<\/article>\n\n\n\n<article class=\"post post-59970 dt_portfolio type-dt_portfolio status-publish has-post-thumbnail hentry dt_portfolio_category-microkrediet dt_portfolio_category-venezuela-nl dt_portfolio_category-316 dt_portfolio_category-312\">\n\n\t<figure class=\"rollover-project \">\n\t<a href=\"https:\/\/actec-ong.org\/nl\/project\/pueblos-del-sur\/\" class=\"layzr-bg\" title=\"actec-proyectos-pueblos-del-sur-1\"  aria-label=\"Post image\"><img decoding=\"async\" class=\"preload-me lazy-load aspect\" src=\"data:image\/svg+xml,%3Csvg%20xmlns%3D&#39;http%3A%2F%2Fwww.w3.org%2F2000%2Fsvg&#39;%20viewBox%3D&#39;0%200%20282%20282&#39;%2F%3E\" data-src=\"https:\/\/actec-ong.org\/wp-content\/uploads\/2018\/02\/actec-proyectos-pueblos-del-sur-1-282x282.jpg\" data-srcset=\"https:\/\/actec-ong.org\/wp-content\/uploads\/2018\/02\/actec-proyectos-pueblos-del-sur-1-282x282.jpg 282w, https:\/\/actec-ong.org\/wp-content\/uploads\/2018\/02\/actec-proyectos-pueblos-del-sur-1-564x564.jpg 564w\" loading=\"eager\" style=\"--ratio: 282 \/ 282\" sizes=\"(max-width: 282px) 100vw, 282px\" alt=\"\" width=\"282\" height=\"282\"  \/><\/a>\t\t<figcaption class=\"rollover-content\">\n\t\t<div class=\"links-container\"><a href=\"https:\/\/actec-ong.org\/wp-content\/uploads\/2018\/02\/actec-proyectos-pueblos-del-sur-1.jpg\" class=\"project-zoom dt-pswp-item dt-single-pswp-popup\" title=\"actec-proyectos-pueblos-del-sur-1\" data-dt-img-description=\"\" data-large_image_width=\"1600\" data-large_image_height=\"800\" aria-label=\"Portfolio zoom icon\">Zoom<\/a><a href=\"https:\/\/actec-ong.org\/nl\/project\/pueblos-del-sur\/\" class=\"project-details\">Lees verder!<\/a><\/div>\t\t\t\t<div class=\"rollover-content-container\">\n\t\t\t<h3 class=\"entry-title\"><a href=\"https:\/\/actec-ong.org\/nl\/project\/pueblos-del-sur\/\" title=\"Pueblos del Sur\" rel=\"bookmark\">Pueblos del Sur<\/a><\/h3><div class=\"entry-meta portfolio-categories\"><span class=\"category-link\"><a href=\"https:\/\/actec-ong.org\/nl\/project-category\/microkrediet\/\" >Microkrediet<\/a>, <a href=\"https:\/\/actec-ong.org\/nl\/project-category\/venezuela-nl\/\" >Venezuela<\/a><\/span><\/div>\t\t<\/div>\n\t\t\t\t\t<\/figcaption>\n\t<\/figure>\n<\/article>\n\n<\/div>[\/vc_column][\/vc_row]<\/p>\n<\/div>","protected":false},"excerpt":{"rendered":"<p>[vc_row bg_type=&#8221;image&#8221; parallax_style=&#8221;vcpb-vz-jquery&#8221; bg_image_new=&#8221;id^57341|url^http:\/\/actec-ong.org\/wp-content\/uploads\/2018\/02\/actec-proyectos-venezuela.jpg|caption^null|alt^null|title^actec-proyectos-venezuela|description^null&#8221; bg_image_repeat=&#8221;no-repeat&#8221; bg_override=&#8221;ex-full&#8221; margin_top=&#8221;-50&#8243; type=&#8221;vc_default&#8221; css=&#8221;.vc_custom_1524478995281{padding-top: 15% !important;padding-bottom: 15% !important;padding-left: 5% !important;}&#8221;][vc_column offset=&#8221;vc_col-lg-12 vc_col-md-12&#8243; css=&#8221;.vc_custom_1476030031960{padding-bottom: 10px !important;}&#8221;][\/vc_column][\/vc_row][vc_row gap=&#8221;35&#8243; css=&#8221;.vc_custom_1517422639768{padding-top: 75px !important;padding-bottom: 75px !important;}&#8221;][vc_column width=&#8221;1\/2&#8243;][vc_single_image image=&#8221;58587&#8243; img_size=&#8221;full&#8221;][\/vc_column][vc_column width=&#8221;1\/2&#8243;][vc_column_text]ACTEC ha estado presente en el pa\u00eds de 1988 hasta 2013. En el pasado Venezuela fue uno de los pa\u00edses m\u00e1s ricos de Am\u00e9rica del Sur;&hellip;<\/p>\n","protected":false},"author":1,"featured_media":0,"parent":60027,"menu_order":1000,"comment_status":"closed","ping_status":"closed","template":"","meta":{"inline_featured_image":false,"footnotes":""},"class_list":["post-60058","page","type-page","status-publish","hentry","description-off"],"yoast_head":"<!-- This site is optimized with the Yoast SEO plugin v27.4 - https:\/\/yoast.com\/product\/yoast-seo-wordpress\/ -->\n<title>Venezuela - ACTEC<\/title>\n<meta name=\"robots\" content=\"index, follow, max-snippet:-1, max-image-preview:large, max-video-preview:-1\" \/>\n<link rel=\"canonical\" href=\"http:\/\/actec-ong.org\/nl\/onze-projecten\/venezuela\/\" \/>\n<meta property=\"og:locale\" content=\"nl_NL\" \/>\n<meta property=\"og:type\" content=\"article\" \/>\n<meta property=\"og:title\" content=\"Venezuela - ACTEC\" \/>\n<meta property=\"og:description\" content=\"[vc_row bg_type=&#8221;image&#8221; parallax_style=&#8221;vcpb-vz-jquery&#8221; bg_image_new=&#8221;id^57341|url^http:\/\/actec-ong.org\/wp-content\/uploads\/2018\/02\/actec-proyectos-venezuela.jpg|caption^null|alt^null|title^actec-proyectos-venezuela|description^null&#8221; bg_image_repeat=&#8221;no-repeat&#8221; bg_override=&#8221;ex-full&#8221; margin_top=&#8221;-50&#8243; type=&#8221;vc_default&#8221; css=&#8221;.vc_custom_1524478995281{padding-top: 15% !important;padding-bottom: 15% !important;padding-left: 5% !important;}&#8221;][vc_column offset=&#8221;vc_col-lg-12 vc_col-md-12&#8243; css=&#8221;.vc_custom_1476030031960{padding-bottom: 10px !important;}&#8221;][\/vc_column][\/vc_row][vc_row gap=&#8221;35&#8243; css=&#8221;.vc_custom_1517422639768{padding-top: 75px !important;padding-bottom: 75px !important;}&#8221;][vc_column width=&#8221;1\/2&#8243;][vc_single_image image=&#8221;58587&#8243; img_size=&#8221;full&#8221;][\/vc_column][vc_column width=&#8221;1\/2&#8243;][vc_column_text]ACTEC ha estado presente en el pa\u00eds de 1988 hasta 2013. En el pasado Venezuela fue uno de los pa\u00edses m\u00e1s ricos de Am\u00e9rica del Sur;&hellip;\" \/>\n<meta property=\"og:url\" content=\"http:\/\/actec-ong.org\/nl\/onze-projecten\/venezuela\/\" \/>\n<meta property=\"og:site_name\" content=\"ACTEC\" \/>\n<meta property=\"article:modified_time\" content=\"2018-04-24T15:12:59+00:00\" \/>\n<meta name=\"twitter:card\" content=\"summary_large_image\" \/>\n<meta name=\"twitter:label1\" content=\"Est. reading time\" \/>\n\t<meta name=\"twitter:data1\" content=\"6 minutes\" \/>\n<script type=\"application\/ld+json\" class=\"yoast-schema-graph\">{\"@context\":\"https:\\\/\\\/schema.org\",\"@graph\":[{\"@type\":\"WebPage\",\"@id\":\"http:\\\/\\\/actec-ong.org\\\/nl\\\/onze-projecten\\\/venezuela\\\/\",\"url\":\"http:\\\/\\\/actec-ong.org\\\/nl\\\/onze-projecten\\\/venezuela\\\/\",\"name\":\"Venezuela - ACTEC\",\"isPartOf\":{\"@id\":\"https:\\\/\\\/actec-ong.org\\\/nl\\\/#website\"},\"datePublished\":\"2018-02-07T18:44:04+00:00\",\"dateModified\":\"2018-04-24T15:12:59+00:00\",\"breadcrumb\":{\"@id\":\"http:\\\/\\\/actec-ong.org\\\/nl\\\/onze-projecten\\\/venezuela\\\/#breadcrumb\"},\"inLanguage\":\"nl\",\"potentialAction\":[{\"@type\":\"ReadAction\",\"target\":[\"http:\\\/\\\/actec-ong.org\\\/nl\\\/onze-projecten\\\/venezuela\\\/\"]}]},{\"@type\":\"BreadcrumbList\",\"@id\":\"http:\\\/\\\/actec-ong.org\\\/nl\\\/onze-projecten\\\/venezuela\\\/#breadcrumb\",\"itemListElement\":[{\"@type\":\"ListItem\",\"position\":1,\"name\":\"Home\",\"item\":\"https:\\\/\\\/actec-ong.org\\\/nl\\\/\"},{\"@type\":\"ListItem\",\"position\":2,\"name\":\"Onze projecten\",\"item\":\"https:\\\/\\\/actec-ong.org\\\/nl\\\/onze-projecten\\\/\"},{\"@type\":\"ListItem\",\"position\":3,\"name\":\"Venezuela\"}]},{\"@type\":\"WebSite\",\"@id\":\"https:\\\/\\\/actec-ong.org\\\/nl\\\/#website\",\"url\":\"https:\\\/\\\/actec-ong.org\\\/nl\\\/\",\"name\":\"ACTEC\",\"description\":\"Un m\u00e9tier pour tous\",\"potentialAction\":[{\"@type\":\"SearchAction\",\"target\":{\"@type\":\"EntryPoint\",\"urlTemplate\":\"https:\\\/\\\/actec-ong.org\\\/nl\\\/?s={search_term_string}\"},\"query-input\":{\"@type\":\"PropertyValueSpecification\",\"valueRequired\":true,\"valueName\":\"search_term_string\"}}],\"inLanguage\":\"nl\"}]}<\/script>\n<!-- \/ Yoast SEO plugin. -->","yoast_head_json":{"title":"Venezuela - ACTEC","robots":{"index":"index","follow":"follow","max-snippet":"max-snippet:-1","max-image-preview":"max-image-preview:large","max-video-preview":"max-video-preview:-1"},"canonical":"http:\/\/actec-ong.org\/nl\/onze-projecten\/venezuela\/","og_locale":"nl_NL","og_type":"article","og_title":"Venezuela - ACTEC","og_description":"[vc_row bg_type=&#8221;image&#8221; parallax_style=&#8221;vcpb-vz-jquery&#8221; bg_image_new=&#8221;id^57341|url^http:\/\/actec-ong.org\/wp-content\/uploads\/2018\/02\/actec-proyectos-venezuela.jpg|caption^null|alt^null|title^actec-proyectos-venezuela|description^null&#8221; bg_image_repeat=&#8221;no-repeat&#8221; bg_override=&#8221;ex-full&#8221; margin_top=&#8221;-50&#8243; type=&#8221;vc_default&#8221; css=&#8221;.vc_custom_1524478995281{padding-top: 15% !important;padding-bottom: 15% !important;padding-left: 5% !important;}&#8221;][vc_column offset=&#8221;vc_col-lg-12 vc_col-md-12&#8243; css=&#8221;.vc_custom_1476030031960{padding-bottom: 10px !important;}&#8221;][\/vc_column][\/vc_row][vc_row gap=&#8221;35&#8243; css=&#8221;.vc_custom_1517422639768{padding-top: 75px !important;padding-bottom: 75px !important;}&#8221;][vc_column width=&#8221;1\/2&#8243;][vc_single_image image=&#8221;58587&#8243; img_size=&#8221;full&#8221;][\/vc_column][vc_column width=&#8221;1\/2&#8243;][vc_column_text]ACTEC ha estado presente en el pa\u00eds de 1988 hasta 2013. En el pasado Venezuela fue uno de los pa\u00edses m\u00e1s ricos de Am\u00e9rica del Sur;&hellip;","og_url":"http:\/\/actec-ong.org\/nl\/onze-projecten\/venezuela\/","og_site_name":"ACTEC","article_modified_time":"2018-04-24T15:12:59+00:00","twitter_card":"summary_large_image","twitter_misc":{"Est. reading time":"6 minutes"},"schema":{"@context":"https:\/\/schema.org","@graph":[{"@type":"WebPage","@id":"http:\/\/actec-ong.org\/nl\/onze-projecten\/venezuela\/","url":"http:\/\/actec-ong.org\/nl\/onze-projecten\/venezuela\/","name":"Venezuela - ACTEC","isPartOf":{"@id":"https:\/\/actec-ong.org\/nl\/#website"},"datePublished":"2018-02-07T18:44:04+00:00","dateModified":"2018-04-24T15:12:59+00:00","breadcrumb":{"@id":"http:\/\/actec-ong.org\/nl\/onze-projecten\/venezuela\/#breadcrumb"},"inLanguage":"nl","potentialAction":[{"@type":"ReadAction","target":["http:\/\/actec-ong.org\/nl\/onze-projecten\/venezuela\/"]}]},{"@type":"BreadcrumbList","@id":"http:\/\/actec-ong.org\/nl\/onze-projecten\/venezuela\/#breadcrumb","itemListElement":[{"@type":"ListItem","position":1,"name":"Home","item":"https:\/\/actec-ong.org\/nl\/"},{"@type":"ListItem","position":2,"name":"Onze projecten","item":"https:\/\/actec-ong.org\/nl\/onze-projecten\/"},{"@type":"ListItem","position":3,"name":"Venezuela"}]},{"@type":"WebSite","@id":"https:\/\/actec-ong.org\/nl\/#website","url":"https:\/\/actec-ong.org\/nl\/","name":"ACTEC","description":"Un m\u00e9tier pour tous","potentialAction":[{"@type":"SearchAction","target":{"@type":"EntryPoint","urlTemplate":"https:\/\/actec-ong.org\/nl\/?s={search_term_string}"},"query-input":{"@type":"PropertyValueSpecification","valueRequired":true,"valueName":"search_term_string"}}],"inLanguage":"nl"}]}},"_links":{"self":[{"href":"https:\/\/actec-ong.org\/nl\/wp-json\/wp\/v2\/pages\/60058","targetHints":{"allow":["GET"]}}],"collection":[{"href":"https:\/\/actec-ong.org\/nl\/wp-json\/wp\/v2\/pages"}],"about":[{"href":"https:\/\/actec-ong.org\/nl\/wp-json\/wp\/v2\/types\/page"}],"author":[{"embeddable":true,"href":"https:\/\/actec-ong.org\/nl\/wp-json\/wp\/v2\/users\/1"}],"replies":[{"embeddable":true,"href":"https:\/\/actec-ong.org\/nl\/wp-json\/wp\/v2\/comments?post=60058"}],"version-history":[{"count":2,"href":"https:\/\/actec-ong.org\/nl\/wp-json\/wp\/v2\/pages\/60058\/revisions"}],"predecessor-version":[{"id":60788,"href":"https:\/\/actec-ong.org\/nl\/wp-json\/wp\/v2\/pages\/60058\/revisions\/60788"}],"up":[{"embeddable":true,"href":"https:\/\/actec-ong.org\/nl\/wp-json\/wp\/v2\/pages\/60027"}],"wp:attachment":[{"href":"https:\/\/actec-ong.org\/nl\/wp-json\/wp\/v2\/media?parent=60058"}],"curies":[{"name":"wp","href":"https:\/\/api.w.org\/{rel}","templated":true}]}}