{"id":65257,"date":"2024-07-05T12:36:22","date_gmt":"2024-07-05T12:36:22","guid":{"rendered":"https:\/\/actec-ong.org\/?page_id=65257"},"modified":"2024-07-05T12:36:22","modified_gmt":"2024-07-05T12:36:22","slug":"estrategia-de-genero","status":"publish","type":"page","link":"http:\/\/actec-ong.org\/es\/sobre-nosotros\/estrategia-de-genero\/","title":{"rendered":"Estrategia de g\u00e9nero"},"content":{"rendered":"<div class=\"wpb-content-wrapper\"><p>[vc_row full_width=&#8221;stretch_row&#8221; equal_height=&#8221;yes&#8221; content_placement=&#8221;middle&#8221; bg_type=&#8221;bg_color&#8221; css=&#8221;.vc_custom_1717431517895{padding-top: 75px !important;padding-bottom: 125px !important;}&#8221; bg_color_value=&#8221;#f8d8a2&#8243;][vc_column width=&#8221;1\/2&#8243; css=&#8221;.vc_custom_1717431102380{padding-top: 0px !important;border-color: #000000 !important;}&#8221;][vc_column_text css=&#8221;&#8221;]<\/p>\n<h1>Estrategia de g\u00e9nero<\/h1>\n<p>[\/vc_column_text][vc_column_text css=&#8221;&#8221;]Centrada en el desarrollo de oportunidades para los m\u00e1s vulnerables, la misi\u00f3n de ACTEC est\u00e1 estrechamente vinculada a la b\u00fasqueda de la igualdad de g\u00e9nero.<\/p>\n<p>El objetivo de este documento es presentar la estrategia transversal de ACTEC en materia de igualdad de oportunidades entre hombres y mujeres. Por &#8220;igualdad de oportunidades&#8221; entendemos el derecho de &#8220;las mujeres y los hombres, las ni\u00f1as y los ni\u00f1os, a disfrutar de las mismas condiciones, el mismo trato y las mismas oportunidades, a fin de realizar plenamente su potencial, sus derechos humanos y su dignidad, y contribuir al desarrollo econ\u00f3mico, social, cultural y pol\u00edtico y beneficiarse de \u00e9l&#8221;.<\/p>\n<p>Los proyectos puestos en marcha por ACTEC, arraigados en el contexto actual de los pa\u00edses en v\u00edas de desarrollo y realizados en colaboraci\u00f3n con instituciones del Sur, pretenden no s\u00f3lo reconocer los derechos de todos y cada uno, sino sobre todo proponer acciones concretas para ponerlos en pr\u00e1ctica.[\/vc_column_text]<div class=\" vc_custom_1720182708279 ubtn-ctn-left \"><a class=\"ubtn-link ult-adjust-bottom-margin ubtn-left ubtn-custom \" href=\"\/wp-content\/uploads\/2024\/07\/ACTEC-Estategia-de-Genero-2023-2024.pdf\" target=\"_blank\" rel=\"noopener\" ><button type=\"button\" id=\"ubtn-6177\"  class=\"ubtn ult-adjust-bottom-margin ult-responsive ubtn-custom ubtn-fade-bg  ulta-grow  ubtn-left   tooltip-69de2e23891d4\"  data-hover=\"#e4b876\" data-border-color=\"#b33723\" data-bg=\"\" data-hover-bg=\"#b33723\" data-border-hover=\"\" data-shadow-hover=\"\" data-shadow-click=\"none\" data-shadow=\"\" data-shd-shadow=\"\"  data-ultimate-target='#ubtn-6177'  data-responsive-json-new='{\"font-size\":\"desktop:14px;\",\"line-height\":\"desktop:20px;\"}'  style=\"font-family:&#039;Roboto&#039;;font-weight:500;width:px;min-height:40px;padding:5px 15px;border-radius:1px;border-width:1px;border-color:#b33723;border-style:solid;color: #b33723;\"><span class=\"ubtn-data ubtn-icon\"><i class=\"none\" style=\"font-size:px;color:;\"><\/i><\/span><span class=\"ubtn-hover\" style=\"background-color:#b33723\"><\/span><span class=\"ubtn-data ubtn-text \" >VER DOCUMENTO<\/span><\/button><\/a><\/div>[\/vc_column][vc_column width=&#8221;1\/2&#8243;][vc_single_image image=&#8221;65434&#8243; img_size=&#8221;full&#8221; alignment=&#8221;center&#8221; onclick=&#8221;custom_link&#8221; img_link_target=&#8221;_blank&#8221; css=&#8221;&#8221; el_class=&#8221;doc-thumb&#8221; link=&#8221;\/wp-content\/uploads\/2024\/07\/ACTEC-Estategia-de-Genero-2023-2024.pdf&#8221;][\/vc_column][\/vc_row]<\/p>\n<\/div>","protected":false},"excerpt":{"rendered":"<p>[vc_row full_width=&#8221;stretch_row&#8221; equal_height=&#8221;yes&#8221; content_placement=&#8221;middle&#8221; bg_type=&#8221;bg_color&#8221; css=&#8221;.vc_custom_1717431517895{padding-top: 75px !important;padding-bottom: 125px !important;}&#8221; bg_color_value=&#8221;#f8d8a2&#8243;][vc_column width=&#8221;1\/2&#8243; css=&#8221;.vc_custom_1717431102380{padding-top: 0px !important;border-color: #000000 !important;}&#8221;][vc_column_text css=&#8221;&#8221;] Estrategia de g\u00e9nero [\/vc_column_text][vc_column_text css=&#8221;&#8221;]Centrada en el desarrollo de oportunidades para los m\u00e1s vulnerables, la misi\u00f3n de ACTEC est\u00e1 estrechamente vinculada a la b\u00fasqueda de la igualdad de g\u00e9nero. El objetivo de este documento es presentar la&hellip;<\/p>\n","protected":false},"author":7,"featured_media":0,"parent":16279,"menu_order":80,"comment_status":"closed","ping_status":"closed","template":"","meta":{"inline_featured_image":false,"footnotes":""},"class_list":["post-65257","page","type-page","status-publish","hentry","description-off"],"yoast_head":"<!-- This site is optimized with the Yoast SEO plugin v27.4 - https:\/\/yoast.com\/product\/yoast-seo-wordpress\/ -->\n<title>Estrategia de g\u00e9nero - ACTEC<\/title>\n<meta name=\"robots\" content=\"index, follow, max-snippet:-1, max-image-preview:large, max-video-preview:-1\" \/>\n<link rel=\"canonical\" href=\"http:\/\/actec-ong.org\/es\/sobre-nosotros\/estrategia-de-genero\/\" \/>\n<meta property=\"og:locale\" content=\"es_ES\" \/>\n<meta property=\"og:type\" content=\"article\" \/>\n<meta property=\"og:title\" content=\"Estrategia de g\u00e9nero - ACTEC\" \/>\n<meta property=\"og:description\" content=\"[vc_row full_width=&#8221;stretch_row&#8221; equal_height=&#8221;yes&#8221; content_placement=&#8221;middle&#8221; bg_type=&#8221;bg_color&#8221; css=&#8221;.vc_custom_1717431517895{padding-top: 75px !important;padding-bottom: 125px !important;}&#8221; bg_color_value=&#8221;#f8d8a2&#8243;][vc_column width=&#8221;1\/2&#8243; css=&#8221;.vc_custom_1717431102380{padding-top: 0px !important;border-color: #000000 !important;}&#8221;][vc_column_text css=&#8221;&#8221;] Estrategia de g\u00e9nero [\/vc_column_text][vc_column_text css=&#8221;&#8221;]Centrada en el desarrollo de oportunidades para los m\u00e1s vulnerables, la misi\u00f3n de ACTEC est\u00e1 estrechamente vinculada a la b\u00fasqueda de la igualdad de g\u00e9nero. El objetivo de este documento es presentar la&hellip;\" \/>\n<meta property=\"og:url\" content=\"http:\/\/actec-ong.org\/es\/sobre-nosotros\/estrategia-de-genero\/\" \/>\n<meta property=\"og:site_name\" content=\"ACTEC\" \/>\n<meta name=\"twitter:card\" content=\"summary_large_image\" \/>\n<meta name=\"twitter:label1\" content=\"Est. reading time\" \/>\n\t<meta name=\"twitter:data1\" content=\"2 minutes\" \/>\n<script type=\"application\/ld+json\" class=\"yoast-schema-graph\">{\"@context\":\"https:\\\/\\\/schema.org\",\"@graph\":[{\"@type\":\"WebPage\",\"@id\":\"http:\\\/\\\/actec-ong.org\\\/es\\\/sobre-nosotros\\\/estrategia-de-genero\\\/\",\"url\":\"http:\\\/\\\/actec-ong.org\\\/es\\\/sobre-nosotros\\\/estrategia-de-genero\\\/\",\"name\":\"Estrategia de g\u00e9nero - ACTEC\",\"isPartOf\":{\"@id\":\"https:\\\/\\\/actec-ong.org\\\/nl\\\/#website\"},\"datePublished\":\"2024-07-05T12:36:22+00:00\",\"breadcrumb\":{\"@id\":\"http:\\\/\\\/actec-ong.org\\\/es\\\/sobre-nosotros\\\/estrategia-de-genero\\\/#breadcrumb\"},\"inLanguage\":\"es-ES\",\"potentialAction\":[{\"@type\":\"ReadAction\",\"target\":[\"http:\\\/\\\/actec-ong.org\\\/es\\\/sobre-nosotros\\\/estrategia-de-genero\\\/\"]}]},{\"@type\":\"BreadcrumbList\",\"@id\":\"http:\\\/\\\/actec-ong.org\\\/es\\\/sobre-nosotros\\\/estrategia-de-genero\\\/#breadcrumb\",\"itemListElement\":[{\"@type\":\"ListItem\",\"position\":1,\"name\":\"Home\",\"item\":\"https:\\\/\\\/actec-ong.org\\\/es\\\/\"},{\"@type\":\"ListItem\",\"position\":2,\"name\":\"Sobre nosotros\",\"item\":\"http:\\\/\\\/actec-ong.org\\\/es\\\/sobre-nosotros\\\/\"},{\"@type\":\"ListItem\",\"position\":3,\"name\":\"Estrategia de g\u00e9nero\"}]},{\"@type\":\"WebSite\",\"@id\":\"https:\\\/\\\/actec-ong.org\\\/nl\\\/#website\",\"url\":\"https:\\\/\\\/actec-ong.org\\\/nl\\\/\",\"name\":\"ACTEC\",\"description\":\"Un m\u00e9tier pour tous\",\"potentialAction\":[{\"@type\":\"SearchAction\",\"target\":{\"@type\":\"EntryPoint\",\"urlTemplate\":\"https:\\\/\\\/actec-ong.org\\\/nl\\\/?s={search_term_string}\"},\"query-input\":{\"@type\":\"PropertyValueSpecification\",\"valueRequired\":true,\"valueName\":\"search_term_string\"}}],\"inLanguage\":\"es-ES\"}]}<\/script>\n<!-- \/ Yoast SEO plugin. -->","yoast_head_json":{"title":"Estrategia de g\u00e9nero - ACTEC","robots":{"index":"index","follow":"follow","max-snippet":"max-snippet:-1","max-image-preview":"max-image-preview:large","max-video-preview":"max-video-preview:-1"},"canonical":"http:\/\/actec-ong.org\/es\/sobre-nosotros\/estrategia-de-genero\/","og_locale":"es_ES","og_type":"article","og_title":"Estrategia de g\u00e9nero - ACTEC","og_description":"[vc_row full_width=&#8221;stretch_row&#8221; equal_height=&#8221;yes&#8221; content_placement=&#8221;middle&#8221; bg_type=&#8221;bg_color&#8221; css=&#8221;.vc_custom_1717431517895{padding-top: 75px !important;padding-bottom: 125px !important;}&#8221; bg_color_value=&#8221;#f8d8a2&#8243;][vc_column width=&#8221;1\/2&#8243; css=&#8221;.vc_custom_1717431102380{padding-top: 0px !important;border-color: #000000 !important;}&#8221;][vc_column_text css=&#8221;&#8221;] Estrategia de g\u00e9nero [\/vc_column_text][vc_column_text css=&#8221;&#8221;]Centrada en el desarrollo de oportunidades para los m\u00e1s vulnerables, la misi\u00f3n de ACTEC est\u00e1 estrechamente vinculada a la b\u00fasqueda de la igualdad de g\u00e9nero. El objetivo de este documento es presentar la&hellip;","og_url":"http:\/\/actec-ong.org\/es\/sobre-nosotros\/estrategia-de-genero\/","og_site_name":"ACTEC","twitter_card":"summary_large_image","twitter_misc":{"Est. reading time":"2 minutes"},"schema":{"@context":"https:\/\/schema.org","@graph":[{"@type":"WebPage","@id":"http:\/\/actec-ong.org\/es\/sobre-nosotros\/estrategia-de-genero\/","url":"http:\/\/actec-ong.org\/es\/sobre-nosotros\/estrategia-de-genero\/","name":"Estrategia de g\u00e9nero - ACTEC","isPartOf":{"@id":"https:\/\/actec-ong.org\/nl\/#website"},"datePublished":"2024-07-05T12:36:22+00:00","breadcrumb":{"@id":"http:\/\/actec-ong.org\/es\/sobre-nosotros\/estrategia-de-genero\/#breadcrumb"},"inLanguage":"es-ES","potentialAction":[{"@type":"ReadAction","target":["http:\/\/actec-ong.org\/es\/sobre-nosotros\/estrategia-de-genero\/"]}]},{"@type":"BreadcrumbList","@id":"http:\/\/actec-ong.org\/es\/sobre-nosotros\/estrategia-de-genero\/#breadcrumb","itemListElement":[{"@type":"ListItem","position":1,"name":"Home","item":"https:\/\/actec-ong.org\/es\/"},{"@type":"ListItem","position":2,"name":"Sobre nosotros","item":"http:\/\/actec-ong.org\/es\/sobre-nosotros\/"},{"@type":"ListItem","position":3,"name":"Estrategia de g\u00e9nero"}]},{"@type":"WebSite","@id":"https:\/\/actec-ong.org\/nl\/#website","url":"https:\/\/actec-ong.org\/nl\/","name":"ACTEC","description":"Un m\u00e9tier pour tous","potentialAction":[{"@type":"SearchAction","target":{"@type":"EntryPoint","urlTemplate":"https:\/\/actec-ong.org\/nl\/?s={search_term_string}"},"query-input":{"@type":"PropertyValueSpecification","valueRequired":true,"valueName":"search_term_string"}}],"inLanguage":"es-ES"}]}},"_links":{"self":[{"href":"http:\/\/actec-ong.org\/es\/wp-json\/wp\/v2\/pages\/65257","targetHints":{"allow":["GET"]}}],"collection":[{"href":"http:\/\/actec-ong.org\/es\/wp-json\/wp\/v2\/pages"}],"about":[{"href":"http:\/\/actec-ong.org\/es\/wp-json\/wp\/v2\/types\/page"}],"author":[{"embeddable":true,"href":"http:\/\/actec-ong.org\/es\/wp-json\/wp\/v2\/users\/7"}],"replies":[{"embeddable":true,"href":"http:\/\/actec-ong.org\/es\/wp-json\/wp\/v2\/comments?post=65257"}],"version-history":[{"count":10,"href":"http:\/\/actec-ong.org\/es\/wp-json\/wp\/v2\/pages\/65257\/revisions"}],"predecessor-version":[{"id":65449,"href":"http:\/\/actec-ong.org\/es\/wp-json\/wp\/v2\/pages\/65257\/revisions\/65449"}],"up":[{"embeddable":true,"href":"http:\/\/actec-ong.org\/es\/wp-json\/wp\/v2\/pages\/16279"}],"wp:attachment":[{"href":"http:\/\/actec-ong.org\/es\/wp-json\/wp\/v2\/media?parent=65257"}],"curies":[{"name":"wp","href":"https:\/\/api.w.org\/{rel}","templated":true}]}}