{"id":63279,"date":"2020-10-21T15:18:14","date_gmt":"2020-10-21T15:18:14","guid":{"rendered":"https:\/\/actec-ong.org\/charte-dintegrite"},"modified":"2025-02-13T14:49:32","modified_gmt":"2025-02-13T14:49:32","slug":"integridad-codigo-etico","status":"publish","type":"page","link":"http:\/\/actec-ong.org\/es\/sobre-nosotros\/integridad-codigo-etico\/","title":{"rendered":"Integridad &#8211; C\u00f3digo \u00e9tico"},"content":{"rendered":"<div class=\"wpb-content-wrapper\"><p>[vc_row full_width=&#8221;stretch_row&#8221; equal_height=&#8221;yes&#8221; content_placement=&#8221;middle&#8221; css=&#8221;.vc_custom_1718620978953{padding-top: 75px !important;padding-bottom: 125px !important;}&#8221;][vc_column width=&#8221;1\/2&#8243; css=&#8221;.vc_custom_1717431102380{padding-top: 0px !important;border-color: #000000 !important;}&#8221;][vc_column_text css=&#8221;&#8221;]<\/p>\n<h1>Integridad &#8211; C\u00f3digo \u00e9tico<\/h1>\n<p>[\/vc_column_text][vc_column_text css=&#8221;&#8221;]La integridad y el respeto son valores fundamentales para nosotros. Gu\u00edan nuestras acciones y cuentan con el apoyo de todos aquellos que trabajan oficialmente para nuestra organizaci\u00f3n (personal, voluntarios y directivos).<\/p>\n<p>Condenamos cualquier forma de vulneraci\u00f3n de la integridad (abuso, fraude, corrupci\u00f3n), ya sea dentro de nuestra organizaci\u00f3n, entre nuestros socios o en el contexto de los proyectos que financiamos.[\/vc_column_text]<div class=\" vc_custom_1718643897133 ubtn-ctn-left \"><a class=\"ubtn-link ult-adjust-bottom-margin ubtn-left ubtn-custom \" href=\"https:\/\/actec-ong.org\/wp-content\/uploads\/2020\/11\/Inte\u0301grite\u0301_CharteSigne\u0301eDT.pdf\" target=\"_blank\" rel=\"noopener\" ><button type=\"button\" id=\"ubtn-4690\"  class=\"ubtn ult-adjust-bottom-margin ult-responsive ubtn-custom ubtn-fade-bg  ulta-grow  ubtn-left   tooltip-69e0a7cde8172\"  data-hover=\"#e4b876\" data-border-color=\"#b33723\" data-bg=\"\" data-hover-bg=\"#b33723\" data-border-hover=\"\" data-shadow-hover=\"\" data-shadow-click=\"none\" data-shadow=\"\" data-shd-shadow=\"\"  data-ultimate-target='#ubtn-4690'  data-responsive-json-new='{\"font-size\":\"desktop:14px;\",\"line-height\":\"desktop:20px;\"}'  style=\"font-family:&#039;Roboto&#039;;font-weight:500;width:px;min-height:40px;padding:5px 15px;border-radius:1px;border-width:1px;border-color:#b33723;border-style:solid;color: #b33723;\"><span class=\"ubtn-data ubtn-icon\"><i class=\"none\" style=\"font-size:px;color:;\"><\/i><\/span><span class=\"ubtn-hover\" style=\"background-color:#b33723\"><\/span><span class=\"ubtn-data ubtn-text \" >DESCARGAR LA CARTA FIRMADA (FR)<\/span><\/button><\/a><\/div>[\/vc_column][vc_column width=&#8221;1\/2&#8243;][vc_single_image image=&#8221;65310&#8243; img_size=&#8221;full&#8221; alignment=&#8221;center&#8221; onclick=&#8221;custom_link&#8221; img_link_target=&#8221;_blank&#8221; css=&#8221;&#8221; el_class=&#8221;doc-thumb&#8221; link=&#8221;\/wp-content\/uploads\/2024\/06\/ACTEC-Codigo-Etico.pdf&#8221;][\/vc_column][\/vc_row][vc_row full_width=&#8221;stretch_row&#8221; bg_type=&#8221;bg_color&#8221; css=&#8221;.vc_custom_1603292865432{padding-top: 75px !important;padding-bottom: 75px !important;}&#8221; bg_color_value=&#8221;#e7c48d&#8221;][vc_column width=&#8221;5\/12&#8243;][vc_column_text css=&#8221;&#8221;]<\/p>\n<h2 style=\"max-width: 410px; margin-bottom: 20px;\"><span style=\"color: #b33725;\">Formulario de denuncia \/ queja<\/span><\/h2>\n<p>Si observa o sospecha un incumplimiento de la Carta Integridad o si cree que ha sido v\u00edctima de un comportamiento discriminatorio por parte de ACTEC, lo invitamos a completar el siguiente formulario.[\/vc_column_text][vc_column_text css=&#8221;&#8221;]<\/p>\n<h3>Personas de contacto<\/h3>\n<ul>\n<li><strong>Responsable de Integridad:<\/strong> Christophe Depreter<\/li>\n<li><strong>Consejera de Integridad:<\/strong> Sofia Casillas<\/li>\n<li><strong>Gestor de reclamaciones:<\/strong> Marie-Astrid Carlier (<a href=\"mailto:marieastrid.carlier@gmail.com\">marieastrid.carlier@gmail.com<\/a> \u2013 0491\/14.62.01)<\/li>\n<\/ul>\n<p>Para acuso de recibo: enviar un SMS al numero de Marie-Astrid[\/vc_column_text][\/vc_column][vc_column width=&#8221;1\/12&#8243;][\/vc_column][vc_column width=&#8221;1\/2&#8243;]\n<div class=\"wpcf7 no-js\" id=\"wpcf7-f63278-o1\" lang=\"es-ES\" dir=\"ltr\" data-wpcf7-id=\"63278\">\n<div class=\"screen-reader-response\"><p role=\"status\" aria-live=\"polite\" aria-atomic=\"true\"><\/p> <ul><\/ul><\/div>\n<form action=\"\/es\/wp-json\/wp\/v2\/pages\/63279#wpcf7-f63278-o1\" method=\"post\" class=\"wpcf7-form init\" aria-label=\"Contact form\" novalidate=\"novalidate\" data-status=\"init\">\n<fieldset class=\"hidden-fields-container\"><input type=\"hidden\" name=\"_wpcf7\" value=\"63278\" \/><input type=\"hidden\" name=\"_wpcf7_version\" value=\"6.1.5\" \/><input type=\"hidden\" name=\"_wpcf7_locale\" value=\"es_ES\" \/><input type=\"hidden\" name=\"_wpcf7_unit_tag\" value=\"wpcf7-f63278-o1\" \/><input type=\"hidden\" name=\"_wpcf7_container_post\" value=\"0\" \/><input type=\"hidden\" name=\"_wpcf7_posted_data_hash\" value=\"\" \/><input type=\"hidden\" name=\"_wpcf7_recaptcha_response\" value=\"\" \/>\n<\/fieldset>\n<div class=\"form-ci\">\n\t<p><span class=\"wpcf7-form-control-wrap\" data-name=\"f-name\"><input size=\"40\" maxlength=\"400\" class=\"wpcf7-form-control wpcf7-text wpcf7-validates-as-required\" aria-required=\"true\" aria-invalid=\"false\" placeholder=\"Nombre\" value=\"\" type=\"text\" name=\"f-name\" \/><\/span><br \/>\n<span class=\"wpcf7-form-control-wrap\" data-name=\"l-name\"><input size=\"40\" maxlength=\"400\" class=\"wpcf7-form-control wpcf7-text wpcf7-validates-as-required\" aria-required=\"true\" aria-invalid=\"false\" placeholder=\"Apellidos\" value=\"\" type=\"text\" name=\"l-name\" \/><\/span><br \/>\n<span class=\"wpcf7-form-control-wrap\" data-name=\"email\"><input size=\"40\" maxlength=\"400\" class=\"wpcf7-form-control wpcf7-email wpcf7-validates-as-required wpcf7-text wpcf7-validates-as-email\" aria-required=\"true\" aria-invalid=\"false\" placeholder=\"Correo electr\u00f3nico\" value=\"\" type=\"email\" name=\"email\" \/><\/span><br \/>\n<span class=\"wpcf7-form-control-wrap\" data-name=\"message\"><textarea cols=\"40\" rows=\"3\" maxlength=\"2000\" class=\"wpcf7-form-control wpcf7-textarea wpcf7-validates-as-required\" aria-required=\"true\" aria-invalid=\"false\" placeholder=\"Mensaje\" name=\"message\"><\/textarea><\/span><br \/>\n<span class=\"wpcf7-form-control-wrap\" data-name=\"acceptance\"><span class=\"wpcf7-form-control wpcf7-acceptance\"><span class=\"wpcf7-list-item\"><label><input type=\"checkbox\" name=\"acceptance\" value=\"1\" aria-invalid=\"false\" \/><span class=\"wpcf7-list-item-label\">He le\u00eddo y acepto la <a href=\"\/es\/politica-de-privacidad-y-cookies\" target=\"_blank\">Pol\u00edtica de Privacidad<\/a> y el tratamiento de los datos personales.<\/span><\/label><\/span><\/span><\/span><br \/>\n<input class=\"wpcf7-form-control wpcf7-submit has-spinner\" type=\"submit\" value=\"ENVIAR\" \/>\n\t<\/p>\n<\/div><div class=\"wpcf7-response-output\" aria-hidden=\"true\"><\/div>\n<\/form>\n<\/div>\n[\/vc_column][\/vc_row]<\/p>\n<\/div>","protected":false},"excerpt":{"rendered":"<p>[vc_row full_width=&#8221;stretch_row&#8221; equal_height=&#8221;yes&#8221; content_placement=&#8221;middle&#8221; css=&#8221;.vc_custom_1718620978953{padding-top: 75px !important;padding-bottom: 125px !important;}&#8221;][vc_column width=&#8221;1\/2&#8243; css=&#8221;.vc_custom_1717431102380{padding-top: 0px !important;border-color: #000000 !important;}&#8221;][vc_column_text css=&#8221;&#8221;] Integridad &#8211; C\u00f3digo \u00e9tico [\/vc_column_text][vc_column_text css=&#8221;&#8221;]La integridad y el respeto son valores fundamentales para nosotros. Gu\u00edan nuestras acciones y cuentan con el apoyo de todos aquellos que trabajan oficialmente para nuestra organizaci\u00f3n (personal, voluntarios y directivos). Condenamos cualquier forma&hellip;<\/p>\n","protected":false},"author":7,"featured_media":0,"parent":16279,"menu_order":80,"comment_status":"closed","ping_status":"closed","template":"","meta":{"inline_featured_image":false,"footnotes":""},"class_list":["post-63279","page","type-page","status-publish","hentry","description-off"],"yoast_head":"<!-- This site is optimized with the Yoast SEO plugin v27.4 - https:\/\/yoast.com\/product\/yoast-seo-wordpress\/ -->\n<title>Integridad - C\u00f3digo \u00e9tico - ACTEC<\/title>\n<meta name=\"robots\" content=\"index, follow, max-snippet:-1, max-image-preview:large, max-video-preview:-1\" \/>\n<link rel=\"canonical\" href=\"http:\/\/actec-ong.org\/es\/sobre-nosotros\/integridad-codigo-etico\/\" \/>\n<meta property=\"og:locale\" content=\"es_ES\" \/>\n<meta property=\"og:type\" content=\"article\" \/>\n<meta property=\"og:title\" content=\"Integridad - C\u00f3digo \u00e9tico - ACTEC\" \/>\n<meta property=\"og:description\" content=\"[vc_row full_width=&#8221;stretch_row&#8221; equal_height=&#8221;yes&#8221; content_placement=&#8221;middle&#8221; css=&#8221;.vc_custom_1718620978953{padding-top: 75px !important;padding-bottom: 125px !important;}&#8221;][vc_column width=&#8221;1\/2&#8243; css=&#8221;.vc_custom_1717431102380{padding-top: 0px !important;border-color: #000000 !important;}&#8221;][vc_column_text css=&#8221;&#8221;] Integridad &#8211; C\u00f3digo \u00e9tico [\/vc_column_text][vc_column_text css=&#8221;&#8221;]La integridad y el respeto son valores fundamentales para nosotros. Gu\u00edan nuestras acciones y cuentan con el apoyo de todos aquellos que trabajan oficialmente para nuestra organizaci\u00f3n (personal, voluntarios y directivos). Condenamos cualquier forma&hellip;\" \/>\n<meta property=\"og:url\" content=\"http:\/\/actec-ong.org\/es\/sobre-nosotros\/integridad-codigo-etico\/\" \/>\n<meta property=\"og:site_name\" content=\"ACTEC\" \/>\n<meta property=\"article:modified_time\" content=\"2025-02-13T14:49:32+00:00\" \/>\n<meta name=\"twitter:card\" content=\"summary_large_image\" \/>\n<meta name=\"twitter:label1\" content=\"Est. reading time\" \/>\n\t<meta name=\"twitter:data1\" content=\"1 minute\" \/>\n<script type=\"application\/ld+json\" class=\"yoast-schema-graph\">{\"@context\":\"https:\\\/\\\/schema.org\",\"@graph\":[{\"@type\":\"WebPage\",\"@id\":\"http:\\\/\\\/actec-ong.org\\\/es\\\/sobre-nosotros\\\/integridad-codigo-etico\\\/\",\"url\":\"http:\\\/\\\/actec-ong.org\\\/es\\\/sobre-nosotros\\\/integridad-codigo-etico\\\/\",\"name\":\"Integridad - C\u00f3digo \u00e9tico - ACTEC\",\"isPartOf\":{\"@id\":\"http:\\\/\\\/actec-ong.org\\\/#website\"},\"datePublished\":\"2020-10-21T15:18:14+00:00\",\"dateModified\":\"2025-02-13T14:49:32+00:00\",\"breadcrumb\":{\"@id\":\"http:\\\/\\\/actec-ong.org\\\/es\\\/sobre-nosotros\\\/integridad-codigo-etico\\\/#breadcrumb\"},\"inLanguage\":\"es-ES\",\"potentialAction\":[{\"@type\":\"ReadAction\",\"target\":[\"http:\\\/\\\/actec-ong.org\\\/es\\\/sobre-nosotros\\\/integridad-codigo-etico\\\/\"]}]},{\"@type\":\"BreadcrumbList\",\"@id\":\"http:\\\/\\\/actec-ong.org\\\/es\\\/sobre-nosotros\\\/integridad-codigo-etico\\\/#breadcrumb\",\"itemListElement\":[{\"@type\":\"ListItem\",\"position\":1,\"name\":\"Home\",\"item\":\"https:\\\/\\\/actec-ong.org\\\/es\\\/\"},{\"@type\":\"ListItem\",\"position\":2,\"name\":\"Sobre nosotros\",\"item\":\"http:\\\/\\\/actec-ong.org\\\/es\\\/sobre-nosotros\\\/\"},{\"@type\":\"ListItem\",\"position\":3,\"name\":\"Integridad &#8211; C\u00f3digo \u00e9tico\"}]},{\"@type\":\"WebSite\",\"@id\":\"http:\\\/\\\/actec-ong.org\\\/#website\",\"url\":\"http:\\\/\\\/actec-ong.org\\\/\",\"name\":\"ACTEC\",\"description\":\"Un m\u00e9tier pour tous\",\"potentialAction\":[{\"@type\":\"SearchAction\",\"target\":{\"@type\":\"EntryPoint\",\"urlTemplate\":\"http:\\\/\\\/actec-ong.org\\\/?s={search_term_string}\"},\"query-input\":{\"@type\":\"PropertyValueSpecification\",\"valueRequired\":true,\"valueName\":\"search_term_string\"}}],\"inLanguage\":\"es-ES\"}]}<\/script>\n<!-- \/ Yoast SEO plugin. -->","yoast_head_json":{"title":"Integridad - C\u00f3digo \u00e9tico - ACTEC","robots":{"index":"index","follow":"follow","max-snippet":"max-snippet:-1","max-image-preview":"max-image-preview:large","max-video-preview":"max-video-preview:-1"},"canonical":"http:\/\/actec-ong.org\/es\/sobre-nosotros\/integridad-codigo-etico\/","og_locale":"es_ES","og_type":"article","og_title":"Integridad - C\u00f3digo \u00e9tico - ACTEC","og_description":"[vc_row full_width=&#8221;stretch_row&#8221; equal_height=&#8221;yes&#8221; content_placement=&#8221;middle&#8221; css=&#8221;.vc_custom_1718620978953{padding-top: 75px !important;padding-bottom: 125px !important;}&#8221;][vc_column width=&#8221;1\/2&#8243; css=&#8221;.vc_custom_1717431102380{padding-top: 0px !important;border-color: #000000 !important;}&#8221;][vc_column_text css=&#8221;&#8221;] Integridad &#8211; C\u00f3digo \u00e9tico [\/vc_column_text][vc_column_text css=&#8221;&#8221;]La integridad y el respeto son valores fundamentales para nosotros. Gu\u00edan nuestras acciones y cuentan con el apoyo de todos aquellos que trabajan oficialmente para nuestra organizaci\u00f3n (personal, voluntarios y directivos). Condenamos cualquier forma&hellip;","og_url":"http:\/\/actec-ong.org\/es\/sobre-nosotros\/integridad-codigo-etico\/","og_site_name":"ACTEC","article_modified_time":"2025-02-13T14:49:32+00:00","twitter_card":"summary_large_image","twitter_misc":{"Est. reading time":"1 minute"},"schema":{"@context":"https:\/\/schema.org","@graph":[{"@type":"WebPage","@id":"http:\/\/actec-ong.org\/es\/sobre-nosotros\/integridad-codigo-etico\/","url":"http:\/\/actec-ong.org\/es\/sobre-nosotros\/integridad-codigo-etico\/","name":"Integridad - C\u00f3digo \u00e9tico - ACTEC","isPartOf":{"@id":"http:\/\/actec-ong.org\/#website"},"datePublished":"2020-10-21T15:18:14+00:00","dateModified":"2025-02-13T14:49:32+00:00","breadcrumb":{"@id":"http:\/\/actec-ong.org\/es\/sobre-nosotros\/integridad-codigo-etico\/#breadcrumb"},"inLanguage":"es-ES","potentialAction":[{"@type":"ReadAction","target":["http:\/\/actec-ong.org\/es\/sobre-nosotros\/integridad-codigo-etico\/"]}]},{"@type":"BreadcrumbList","@id":"http:\/\/actec-ong.org\/es\/sobre-nosotros\/integridad-codigo-etico\/#breadcrumb","itemListElement":[{"@type":"ListItem","position":1,"name":"Home","item":"https:\/\/actec-ong.org\/es\/"},{"@type":"ListItem","position":2,"name":"Sobre nosotros","item":"http:\/\/actec-ong.org\/es\/sobre-nosotros\/"},{"@type":"ListItem","position":3,"name":"Integridad &#8211; C\u00f3digo \u00e9tico"}]},{"@type":"WebSite","@id":"http:\/\/actec-ong.org\/#website","url":"http:\/\/actec-ong.org\/","name":"ACTEC","description":"Un m\u00e9tier pour tous","potentialAction":[{"@type":"SearchAction","target":{"@type":"EntryPoint","urlTemplate":"http:\/\/actec-ong.org\/?s={search_term_string}"},"query-input":{"@type":"PropertyValueSpecification","valueRequired":true,"valueName":"search_term_string"}}],"inLanguage":"es-ES"}]}},"_links":{"self":[{"href":"http:\/\/actec-ong.org\/es\/wp-json\/wp\/v2\/pages\/63279","targetHints":{"allow":["GET"]}}],"collection":[{"href":"http:\/\/actec-ong.org\/es\/wp-json\/wp\/v2\/pages"}],"about":[{"href":"http:\/\/actec-ong.org\/es\/wp-json\/wp\/v2\/types\/page"}],"author":[{"embeddable":true,"href":"http:\/\/actec-ong.org\/es\/wp-json\/wp\/v2\/users\/7"}],"replies":[{"embeddable":true,"href":"http:\/\/actec-ong.org\/es\/wp-json\/wp\/v2\/comments?post=63279"}],"version-history":[{"count":7,"href":"http:\/\/actec-ong.org\/es\/wp-json\/wp\/v2\/pages\/63279\/revisions"}],"predecessor-version":[{"id":65997,"href":"http:\/\/actec-ong.org\/es\/wp-json\/wp\/v2\/pages\/63279\/revisions\/65997"}],"up":[{"embeddable":true,"href":"http:\/\/actec-ong.org\/es\/wp-json\/wp\/v2\/pages\/16279"}],"wp:attachment":[{"href":"http:\/\/actec-ong.org\/es\/wp-json\/wp\/v2\/media?parent=63279"}],"curies":[{"name":"wp","href":"https:\/\/api.w.org\/{rel}","templated":true}]}}