{"id":62085,"date":"2019-03-29T14:51:49","date_gmt":"2019-03-29T14:51:49","guid":{"rendered":"https:\/\/actec-ong.org\/politica-de-privacidad-y-cookies"},"modified":"2019-03-29T15:37:51","modified_gmt":"2019-03-29T15:37:51","slug":"politica-de-privacidad-y-cookies","status":"publish","type":"page","link":"http:\/\/actec-ong.org\/es\/politica-de-privacidad-y-cookies\/","title":{"rendered":"Pol\u00edtica de privacidad y cookies"},"content":{"rendered":"<div class=\"wpb-content-wrapper\"><p>[vc_row margin_top=&#8221;-50&#8243; type=&#8221;vc_default&#8221; css=&#8221;.vc_custom_1519040957179{padding-top: 5% !important;padding-bottom: 5% !important;}&#8221;][vc_column offset=&#8221;vc_col-lg-12 vc_col-md-12&#8243; css=&#8221;.vc_custom_1476030031960{padding-bottom: 10px !important;}&#8221;]<div id=\"ultimate-heading-936369e3952fd6669\" class=\"uvc-heading ult-adjust-bottom-margin ultimate-heading-936369e3952fd6669 uvc-8316 \" data-hspacer=\"no_spacer\"  data-halign=\"center\" style=\"text-align:center\"><div class=\"uvc-heading-spacer no_spacer\" style=\"top\"><\/div><div class=\"uvc-main-heading ult-responsive\"  data-ultimate-target='.uvc-heading.ultimate-heading-936369e3952fd6669 h2'  data-responsive-json-new='{\"font-size\":\"desktop:70px;mobile:34px;\",\"line-height\":\"desktop:80px;mobile:44px;\"}' ><h2 style=\"font-family:&#039;Roboto&#039;;font-weight:normal;font-style:normal;color:#201a15;\">Pol\u00edtica de privacidad y cookies<\/h2><\/div><\/div>[\/vc_column][\/vc_row][vc_row css=&#8221;.vc_custom_1519040987559{margin-top: 25px !important;margin-bottom: 75px !important;}&#8221;][vc_column width=&#8221;1\/6&#8243;][\/vc_column][vc_column width=&#8221;2\/3&#8243;]<div class=\"standard-arrow bullet-top\"><ul>\n<li>ACTEC cumple con la ley de 8 de diciembre de 1992 sobre la protecci\u00f3n de la privacidad en relaci\u00f3n con el tratamiento de datos personales y el Reglamento general de protecci\u00f3n de datos (o &#8216;GPRT&#8217;) 2016\/679 de 27 de abril de 2016, entr\u00f3 en vigor el 25 de mayo de 2018.<\/li>\n<\/ul>\n<p>&nbsp;<\/p>\n<ul>\n<li>ACTEC solo conserva los datos personales que le comunique por correo electr\u00f3nico. Los datos recopilados se limitan a lo estrictamente necesario. Usted autoriza a ACTEC a procesar sus datos personales y mantenerlos en una o m\u00e1s bases de datos con el fin de administrar sus actividades. Solo las personas autorizadas dentro de ACTEC tendr\u00e1n acceso a sus datos. Esta informaci\u00f3n se usa exclusivamente internamente. ACTEC nunca los transmite a terceros y nunca los usa con fines comerciales. Siempre tiene derecho a ver sus datos, corregir errores o borrar sus datos de nuestro archivo. Para hacerlo, cont\u00e1ctenos por correo electr\u00f3nico (<a href=\"mailto:brussels@actec-ong.org\">brussels@actec-ong.org<\/a>) o por correo (ACTEC, Bld A. Reyers 207, 1030 Bruselas).<\/li>\n<\/ul>\n<p>&nbsp;<\/p>\n<ul>\n<li>ACTEC utiliza cookies para que su experiencia de navegaci\u00f3n sea m\u00e1s f\u00e1cil y m\u00e1s placentera en su sitio web. Lea nuestra pol\u00edtica de cookies.<\/li>\n<\/ul>\n<p>&nbsp;<\/p>\n<ul>\n<li>ACTEC utiliza software de medici\u00f3n para visualizar las p\u00e1ginas m\u00e1s visitadas de su sitio, para conocer la cantidad de visitantes recurrentes, etc. Pero estas medidas no se basan en datos individuales. Son an\u00f3nimos y solo sirven para mejorar el contenido de su sitio.<\/li>\n<\/ul>\n<\/div><div id=\"ultimate-heading-803769e3952fd6785\" class=\"uvc-heading ult-adjust-bottom-margin ultimate-heading-803769e3952fd6785 uvc-8544 \" data-hspacer=\"no_spacer\"  data-halign=\"left\" style=\"text-align:left\"><div class=\"uvc-heading-spacer no_spacer\" style=\"top\"><\/div><div class=\"uvc-main-heading ult-responsive\"  data-ultimate-target='.uvc-heading.ultimate-heading-803769e3952fd6785 h3'  data-responsive-json-new='{\"font-size\":\"desktop:40px;\",\"line-height\":\"desktop:50px;\"}' ><h3 style=\"font-family:&#039;Fira Sans&#039;;font-weight:600;margin-top:70px;margin-bottom:30px;\">Pol\u00edtica de cookies de ACTEC<\/h3><\/div><\/div>[vc_column_text]ACTEC utiliza cookies para realizar mediciones de audiencia y mejorar el uso de su sitio.<\/p>\n<p>&nbsp;<\/p>\n<h5>\u00bfQu\u00e9 es una cookie?<\/h5>\n<p>&nbsp;<\/p>\n<p>Una cookie es un peque\u00f1o archivo de texto creado para guardar ciertos datos de los sitios web que visita. Por ejemplo, la selecci\u00f3n de un idioma, la fecha de llegada a nuestro sitio, sus datos de conexi\u00f3n u otras configuraciones. Las cookies son necesarias para mejorar el funcionamiento del sitio web y se utilizan con fines estad\u00edsticos. No registran su nombre, direcci\u00f3n u otros datos personales. Solo el sitio web que cre\u00f3 la cookie puede acceder al archivo. El archivo en s\u00ed contiene solo texto y no puede realizar ninguna acci\u00f3n en su computadora. Por lo tanto, solo se utiliza para proporcionar informaci\u00f3n adicional a su navegador. Hay varios tipos de cookies, algunas se utilizan para la gesti\u00f3n de sesiones, para la personalizaci\u00f3n, para el seguimiento. Para obtener m\u00e1s informaci\u00f3n, consulte el siguiente art\u00edculo en <a href=\"https:\/\/es.wikipedia.org\/wiki\/Cookie_(inform%C3%A1tica)\">Wikipedia<\/a>.<\/p>\n<p>&nbsp;<\/p>\n<h5>\u00bfPor qu\u00e9 ACTEC usa cookies?<\/h5>\n<p>&nbsp;<\/p>\n<p>ACTEC utiliza cookies para realizar mediciones de audiencia y mejorar el uso de su sitio. El uso de cookies requiere su consentimiento previo y expl\u00edcito. Puede rechazar estas cookies y \/ o adaptar la configuraci\u00f3n de su navegador para evitar el registro de cookies. Tambi\u00e9n puede eliminar las cookies que ya est\u00e1n instaladas en su computadora o dispositivo m\u00f3vil en cualquier momento. Sin embargo, algunas funciones del sitio web pueden verse alteradas. Aqu\u00ed hay algunos enlaces a las p\u00e1ginas de informaci\u00f3n de cookies de los navegadores m\u00e1s populares: <a href=\"https:\/\/support.google.com\/chrome\/answer\/95647?hl=es\">Chrome<\/a>, <a href=\"https:\/\/support.mozilla.org\/es\/kb\/habilitar-y-deshabilitar-cookies-sitios-web-rastrear-preferencias\">Firefox<\/a>, <a href=\"https:\/\/support.microsoft.com\/es-es\/help\/17442\/windows-internet-explorer-delete-manage-cookies\">Inernet Explorer<\/a>, <a href=\"https:\/\/help.opera.com\/en\/latest\/web-preferences\/#cookies\">Opera<\/a>, <a href=\"https:\/\/support.apple.com\/kb\/PH5042?locale=es_ES\">Safari<\/a>.<\/p>\n<p>&nbsp;<\/p>\n<p>Si contin\u00faa visitando nuestro sitio sin adaptar la configuraci\u00f3n de sus cookies, asumimos que acepta la instalaci\u00f3n de cookies.<\/p>\n<p>&nbsp;<\/p>\n<h5>Cookies que se usa en nuestro website<\/h5>\n<p>&nbsp;<\/p>\n<p>Este sitio utiliza <strong>Google Analytics<\/strong>, un servicio de an\u00e1lisis web ofrecido por Google Inc. que utiliza cookies para ayudar a analizar c\u00f3mo los usuarios usan el sitio. ACTEC utiliza estas estad\u00edsticas solo para analizar su visita a su sitio. Por ejemplo: \u00bfcu\u00e1les son las p\u00e1ginas m\u00e1s visitadas, qu\u00e9 navegadores utilizan los visitantes de nuestro sitio o cu\u00e1l es la duraci\u00f3n de su visita? La informaci\u00f3n que genera su cookie sobre su uso del sitio (incluida su direcci\u00f3n IP) se transfiere desde y hacia Google quien usa esta informaci\u00f3n para realizar un seguimiento de c\u00f3mo usa el sitio, para informar sobre la actividad del sitio a los operadores del sitio y para proporcionar otros servicios relacionados con la actividad del sitio y el uso del sitio. Internet. Google puede proporcionar esta informaci\u00f3n a terceros si Google cree que est\u00e1 legalmente obligado a hacerlo o en la medida en que dichos terceros procesen la informaci\u00f3n en nombre de Google. Google no combinar\u00e1 su direcci\u00f3n IP con otros datos que tenga.<\/p>\n<p>&nbsp;<\/p>\n<p>Este sitio tambi\u00e9n utiliza cookies de:<\/p>\n<ul>\n<li>amcharts.com<\/li>\n<li>youtube.com<\/li>\n<li>doubleclick.net<\/li>\n<\/ul>\n<p>&nbsp;<\/p>\n<h5>Para contactarnos sobre sus datos personales<\/h5>\n<p>&nbsp;<\/p>\n<p>Si tiene preguntas sobre sus derechos, el procesamiento de sus datos personales u otras preguntas sobre datos personales, puede comunicarse con nosotros:<\/p>\n<p>\u2022 Por correo electr\u00f3nico a <a href=\"mailto:brussels@actec-ong.org\">brussels@actec-ong.org<\/a><br \/>\n\u2022 Por tel\u00e9fono: +32 2 735 10 31<br \/>\n\u2022 Por correo: ACTEC, Bld A. Reyers 207, 1030 Bruselas<\/p>\n<p>&nbsp;<\/p>\n<p>La \u00faltima fecha de actualizaci\u00f3n es el 21 de diciembre de 2018.[\/vc_column_text][\/vc_column][vc_column width=&#8221;1\/6&#8243;][\/vc_column][\/vc_row]<\/p>\n<\/div>","protected":false},"excerpt":{"rendered":"<p>[vc_row margin_top=&#8221;-50&#8243; type=&#8221;vc_default&#8221; css=&#8221;.vc_custom_1519040957179{padding-top: 5% !important;padding-bottom: 5% !important;}&#8221;][vc_column offset=&#8221;vc_col-lg-12 vc_col-md-12&#8243; css=&#8221;.vc_custom_1476030031960{padding-bottom: 10px !important;}&#8221;][\/vc_column][\/vc_row][vc_row css=&#8221;.vc_custom_1519040987559{margin-top: 25px !important;margin-bottom: 75px !important;}&#8221;][vc_column width=&#8221;1\/6&#8243;][\/vc_column][vc_column width=&#8221;2\/3&#8243;][vc_column_text]ACTEC utiliza cookies para realizar mediciones de audiencia y mejorar el uso de su sitio. &nbsp; \u00bfQu\u00e9 es una cookie? &nbsp; Una cookie es un peque\u00f1o archivo de texto creado para guardar ciertos datos de los&hellip;<\/p>\n","protected":false},"author":7,"featured_media":0,"parent":0,"menu_order":95,"comment_status":"closed","ping_status":"closed","template":"","meta":{"inline_featured_image":false,"footnotes":""},"class_list":["post-62085","page","type-page","status-publish","hentry","description-off"],"yoast_head":"<!-- This site is optimized with the Yoast SEO plugin v27.4 - https:\/\/yoast.com\/product\/yoast-seo-wordpress\/ -->\n<title>Pol\u00edtica de privacidad y cookies - ACTEC<\/title>\n<meta name=\"robots\" content=\"index, follow, max-snippet:-1, max-image-preview:large, max-video-preview:-1\" \/>\n<link rel=\"canonical\" href=\"https:\/\/actec-ong.org\/es\/politica-de-privacidad-y-cookies\/\" \/>\n<meta property=\"og:locale\" content=\"es_ES\" \/>\n<meta property=\"og:type\" content=\"article\" \/>\n<meta property=\"og:title\" content=\"Pol\u00edtica de privacidad y cookies - ACTEC\" \/>\n<meta property=\"og:description\" content=\"[vc_row margin_top=&#8221;-50&#8243; type=&#8221;vc_default&#8221; css=&#8221;.vc_custom_1519040957179{padding-top: 5% !important;padding-bottom: 5% !important;}&#8221;][vc_column offset=&#8221;vc_col-lg-12 vc_col-md-12&#8243; css=&#8221;.vc_custom_1476030031960{padding-bottom: 10px !important;}&#8221;][\/vc_column][\/vc_row][vc_row css=&#8221;.vc_custom_1519040987559{margin-top: 25px !important;margin-bottom: 75px !important;}&#8221;][vc_column width=&#8221;1\/6&#8243;][\/vc_column][vc_column width=&#8221;2\/3&#8243;][vc_column_text]ACTEC utiliza cookies para realizar mediciones de audiencia y mejorar el uso de su sitio. &nbsp; \u00bfQu\u00e9 es una cookie? &nbsp; Una cookie es un peque\u00f1o archivo de texto creado para guardar ciertos datos de los&hellip;\" \/>\n<meta property=\"og:url\" content=\"https:\/\/actec-ong.org\/es\/politica-de-privacidad-y-cookies\/\" \/>\n<meta property=\"og:site_name\" content=\"ACTEC\" \/>\n<meta property=\"article:modified_time\" content=\"2019-03-29T15:37:51+00:00\" \/>\n<meta name=\"twitter:card\" content=\"summary_large_image\" \/>\n<meta name=\"twitter:label1\" content=\"Est. reading time\" \/>\n\t<meta name=\"twitter:data1\" content=\"5 minutes\" \/>\n<script type=\"application\/ld+json\" class=\"yoast-schema-graph\">{\"@context\":\"https:\\\/\\\/schema.org\",\"@graph\":[{\"@type\":\"WebPage\",\"@id\":\"https:\\\/\\\/actec-ong.org\\\/es\\\/politica-de-privacidad-y-cookies\\\/\",\"url\":\"https:\\\/\\\/actec-ong.org\\\/es\\\/politica-de-privacidad-y-cookies\\\/\",\"name\":\"Pol\u00edtica de privacidad y cookies - ACTEC\",\"isPartOf\":{\"@id\":\"https:\\\/\\\/actec-ong.org\\\/es\\\/#website\"},\"datePublished\":\"2019-03-29T14:51:49+00:00\",\"dateModified\":\"2019-03-29T15:37:51+00:00\",\"breadcrumb\":{\"@id\":\"https:\\\/\\\/actec-ong.org\\\/es\\\/politica-de-privacidad-y-cookies\\\/#breadcrumb\"},\"inLanguage\":\"es-ES\",\"potentialAction\":[{\"@type\":\"ReadAction\",\"target\":[\"https:\\\/\\\/actec-ong.org\\\/es\\\/politica-de-privacidad-y-cookies\\\/\"]}]},{\"@type\":\"BreadcrumbList\",\"@id\":\"https:\\\/\\\/actec-ong.org\\\/es\\\/politica-de-privacidad-y-cookies\\\/#breadcrumb\",\"itemListElement\":[{\"@type\":\"ListItem\",\"position\":1,\"name\":\"Home\",\"item\":\"https:\\\/\\\/actec-ong.org\\\/es\\\/\"},{\"@type\":\"ListItem\",\"position\":2,\"name\":\"Pol\u00edtica de privacidad y cookies\"}]},{\"@type\":\"WebSite\",\"@id\":\"https:\\\/\\\/actec-ong.org\\\/es\\\/#website\",\"url\":\"https:\\\/\\\/actec-ong.org\\\/es\\\/\",\"name\":\"ACTEC\",\"description\":\"Un m\u00e9tier pour tous\",\"potentialAction\":[{\"@type\":\"SearchAction\",\"target\":{\"@type\":\"EntryPoint\",\"urlTemplate\":\"https:\\\/\\\/actec-ong.org\\\/es\\\/?s={search_term_string}\"},\"query-input\":{\"@type\":\"PropertyValueSpecification\",\"valueRequired\":true,\"valueName\":\"search_term_string\"}}],\"inLanguage\":\"es-ES\"}]}<\/script>\n<!-- \/ Yoast SEO plugin. -->","yoast_head_json":{"title":"Pol\u00edtica de privacidad y cookies - ACTEC","robots":{"index":"index","follow":"follow","max-snippet":"max-snippet:-1","max-image-preview":"max-image-preview:large","max-video-preview":"max-video-preview:-1"},"canonical":"https:\/\/actec-ong.org\/es\/politica-de-privacidad-y-cookies\/","og_locale":"es_ES","og_type":"article","og_title":"Pol\u00edtica de privacidad y cookies - ACTEC","og_description":"[vc_row margin_top=&#8221;-50&#8243; type=&#8221;vc_default&#8221; css=&#8221;.vc_custom_1519040957179{padding-top: 5% !important;padding-bottom: 5% !important;}&#8221;][vc_column offset=&#8221;vc_col-lg-12 vc_col-md-12&#8243; css=&#8221;.vc_custom_1476030031960{padding-bottom: 10px !important;}&#8221;][\/vc_column][\/vc_row][vc_row css=&#8221;.vc_custom_1519040987559{margin-top: 25px !important;margin-bottom: 75px !important;}&#8221;][vc_column width=&#8221;1\/6&#8243;][\/vc_column][vc_column width=&#8221;2\/3&#8243;][vc_column_text]ACTEC utiliza cookies para realizar mediciones de audiencia y mejorar el uso de su sitio. &nbsp; \u00bfQu\u00e9 es una cookie? &nbsp; Una cookie es un peque\u00f1o archivo de texto creado para guardar ciertos datos de los&hellip;","og_url":"https:\/\/actec-ong.org\/es\/politica-de-privacidad-y-cookies\/","og_site_name":"ACTEC","article_modified_time":"2019-03-29T15:37:51+00:00","twitter_card":"summary_large_image","twitter_misc":{"Est. reading time":"5 minutes"},"schema":{"@context":"https:\/\/schema.org","@graph":[{"@type":"WebPage","@id":"https:\/\/actec-ong.org\/es\/politica-de-privacidad-y-cookies\/","url":"https:\/\/actec-ong.org\/es\/politica-de-privacidad-y-cookies\/","name":"Pol\u00edtica de privacidad y cookies - ACTEC","isPartOf":{"@id":"https:\/\/actec-ong.org\/es\/#website"},"datePublished":"2019-03-29T14:51:49+00:00","dateModified":"2019-03-29T15:37:51+00:00","breadcrumb":{"@id":"https:\/\/actec-ong.org\/es\/politica-de-privacidad-y-cookies\/#breadcrumb"},"inLanguage":"es-ES","potentialAction":[{"@type":"ReadAction","target":["https:\/\/actec-ong.org\/es\/politica-de-privacidad-y-cookies\/"]}]},{"@type":"BreadcrumbList","@id":"https:\/\/actec-ong.org\/es\/politica-de-privacidad-y-cookies\/#breadcrumb","itemListElement":[{"@type":"ListItem","position":1,"name":"Home","item":"https:\/\/actec-ong.org\/es\/"},{"@type":"ListItem","position":2,"name":"Pol\u00edtica de privacidad y cookies"}]},{"@type":"WebSite","@id":"https:\/\/actec-ong.org\/es\/#website","url":"https:\/\/actec-ong.org\/es\/","name":"ACTEC","description":"Un m\u00e9tier pour tous","potentialAction":[{"@type":"SearchAction","target":{"@type":"EntryPoint","urlTemplate":"https:\/\/actec-ong.org\/es\/?s={search_term_string}"},"query-input":{"@type":"PropertyValueSpecification","valueRequired":true,"valueName":"search_term_string"}}],"inLanguage":"es-ES"}]}},"_links":{"self":[{"href":"http:\/\/actec-ong.org\/es\/wp-json\/wp\/v2\/pages\/62085","targetHints":{"allow":["GET"]}}],"collection":[{"href":"http:\/\/actec-ong.org\/es\/wp-json\/wp\/v2\/pages"}],"about":[{"href":"http:\/\/actec-ong.org\/es\/wp-json\/wp\/v2\/types\/page"}],"author":[{"embeddable":true,"href":"http:\/\/actec-ong.org\/es\/wp-json\/wp\/v2\/users\/7"}],"replies":[{"embeddable":true,"href":"http:\/\/actec-ong.org\/es\/wp-json\/wp\/v2\/comments?post=62085"}],"version-history":[{"count":3,"href":"http:\/\/actec-ong.org\/es\/wp-json\/wp\/v2\/pages\/62085\/revisions"}],"predecessor-version":[{"id":62088,"href":"http:\/\/actec-ong.org\/es\/wp-json\/wp\/v2\/pages\/62085\/revisions\/62088"}],"wp:attachment":[{"href":"http:\/\/actec-ong.org\/es\/wp-json\/wp\/v2\/media?parent=62085"}],"curies":[{"name":"wp","href":"https:\/\/api.w.org\/{rel}","templated":true}]}}