{"id":58359,"date":"2018-02-19T11:44:16","date_gmt":"2018-02-19T11:44:16","guid":{"rendered":"http:\/\/actec.apps-1and1.net\/aviso-legal"},"modified":"2018-02-27T11:04:46","modified_gmt":"2018-02-27T11:04:46","slug":"aviso-legal","status":"publish","type":"page","link":"http:\/\/actec-ong.org\/es\/aviso-legal\/","title":{"rendered":"Aviso legal"},"content":{"rendered":"<div class=\"wpb-content-wrapper\"><p>[vc_row margin_top=&#8221;-50&#8243; type=&#8221;vc_default&#8221; css=&#8221;.vc_custom_1519040957179{padding-top: 5% !important;padding-bottom: 5% !important;}&#8221;][vc_column offset=&#8221;vc_col-lg-12 vc_col-md-12&#8243; css=&#8221;.vc_custom_1476030031960{padding-bottom: 10px !important;}&#8221;]<div id=\"ultimate-heading-556469de295b23ffc\" class=\"uvc-heading ult-adjust-bottom-margin ultimate-heading-556469de295b23ffc uvc-3018 \" data-hspacer=\"no_spacer\"  data-halign=\"center\" style=\"text-align:center\"><div class=\"uvc-heading-spacer no_spacer\" style=\"top\"><\/div><div class=\"uvc-main-heading ult-responsive\"  data-ultimate-target='.uvc-heading.ultimate-heading-556469de295b23ffc h2'  data-responsive-json-new='{\"font-size\":\"desktop:70px;mobile:34px;\",\"line-height\":\"desktop:80px;mobile:44px;\"}' ><h2 style=\"font-family:&#039;Roboto&#039;;font-weight:normal;font-style:normal;color:#201a15;\">AVISO LEGAL<\/h2><\/div><\/div>[\/vc_column][\/vc_row][vc_row css=&#8221;.vc_custom_1519040987559{margin-top: 25px !important;margin-bottom: 75px !important;}&#8221;][vc_column width=&#8221;1\/6&#8243;][\/vc_column][vc_column width=&#8221;2\/3&#8243;][vc_column_text]Nuestro sitio web www.actec-ong.org es publicado por\u00a0<strong>ACTEC &#8211; Un oficio para todos<\/strong>, una asociaci\u00f3n sin \u00e1nimo de lucro creada en 1982. ACTEC es una Organizaci\u00f3n No Gubernamental (ONG) especializada en Cooperaci\u00f3n al Desarrollo.<\/p>\n<p><strong>Sede:<\/strong><br \/>\nBoulevard Auguste Reyers 207 bte 6 &#8211; 1030 Bruselas \u2013 B\u00e9lgica.<\/p>\n<p><strong>N\u00b0 de empresa:<\/strong><br \/>\nBE 0424.198.222\u00a0RPM Bruselas<\/p>\n<p><strong>Contacto:<\/strong><br \/>\nEmail: brussels@actec-ong.org<br \/>\nTel: +32 (2) 735 10 31<br \/>\nFax\u00a0: +32 (2) 736 03 77<\/p>\n<p>Nuestros\u00a0estatutos\u00a0son p\u00fablicos y oficialmente publicados en el sitio web del Diario Oficial Belga.<\/p>\n<p>Nuestras cuentas son peri\u00f3dicamente controladas por un auditor independiente as\u00ed como por los Ministerios de Cooperaci\u00f3n y de Finanzas. El balance y las cuentas de resultados han sido depositados y publicados en la p\u00e1gina web del Banco Nacional de B\u00e9lgica.[\/vc_column_text][\/vc_column][vc_column width=&#8221;1\/6&#8243;][\/vc_column][\/vc_row]<\/p>\n<\/div>","protected":false},"excerpt":{"rendered":"<p>[vc_row margin_top=&#8221;-50&#8243; type=&#8221;vc_default&#8221; css=&#8221;.vc_custom_1519040957179{padding-top: 5% !important;padding-bottom: 5% !important;}&#8221;][vc_column offset=&#8221;vc_col-lg-12 vc_col-md-12&#8243; css=&#8221;.vc_custom_1476030031960{padding-bottom: 10px !important;}&#8221;][\/vc_column][\/vc_row][vc_row css=&#8221;.vc_custom_1519040987559{margin-top: 25px !important;margin-bottom: 75px !important;}&#8221;][vc_column width=&#8221;1\/6&#8243;][\/vc_column][vc_column width=&#8221;2\/3&#8243;][vc_column_text]Nuestro sitio web www.actec-ong.org es publicado por\u00a0ACTEC &#8211; Un oficio para todos, una asociaci\u00f3n sin \u00e1nimo de lucro creada en 1982. ACTEC es una Organizaci\u00f3n No Gubernamental (ONG) especializada en Cooperaci\u00f3n al Desarrollo. Sede: Boulevard Auguste&hellip;<\/p>\n","protected":false},"author":1,"featured_media":0,"parent":0,"menu_order":90,"comment_status":"closed","ping_status":"closed","template":"","meta":{"inline_featured_image":false,"footnotes":""},"class_list":["post-58359","page","type-page","status-publish","hentry","description-off"],"yoast_head":"<!-- This site is optimized with the Yoast SEO plugin v27.4 - https:\/\/yoast.com\/product\/yoast-seo-wordpress\/ -->\n<title>Aviso legal - ACTEC<\/title>\n<meta name=\"robots\" content=\"index, follow, max-snippet:-1, max-image-preview:large, max-video-preview:-1\" \/>\n<link rel=\"canonical\" href=\"https:\/\/actec-ong.org\/es\/aviso-legal\/\" \/>\n<meta property=\"og:locale\" content=\"es_ES\" \/>\n<meta property=\"og:type\" content=\"article\" \/>\n<meta property=\"og:title\" content=\"Aviso legal - ACTEC\" \/>\n<meta property=\"og:description\" content=\"[vc_row margin_top=&#8221;-50&#8243; type=&#8221;vc_default&#8221; css=&#8221;.vc_custom_1519040957179{padding-top: 5% !important;padding-bottom: 5% !important;}&#8221;][vc_column offset=&#8221;vc_col-lg-12 vc_col-md-12&#8243; css=&#8221;.vc_custom_1476030031960{padding-bottom: 10px !important;}&#8221;][\/vc_column][\/vc_row][vc_row css=&#8221;.vc_custom_1519040987559{margin-top: 25px !important;margin-bottom: 75px !important;}&#8221;][vc_column width=&#8221;1\/6&#8243;][\/vc_column][vc_column width=&#8221;2\/3&#8243;][vc_column_text]Nuestro sitio web www.actec-ong.org es publicado por\u00a0ACTEC &#8211; Un oficio para todos, una asociaci\u00f3n sin \u00e1nimo de lucro creada en 1982. ACTEC es una Organizaci\u00f3n No Gubernamental (ONG) especializada en Cooperaci\u00f3n al Desarrollo. Sede: Boulevard Auguste&hellip;\" \/>\n<meta property=\"og:url\" content=\"https:\/\/actec-ong.org\/es\/aviso-legal\/\" \/>\n<meta property=\"og:site_name\" content=\"ACTEC\" \/>\n<meta property=\"article:modified_time\" content=\"2018-02-27T11:04:46+00:00\" \/>\n<meta name=\"twitter:card\" content=\"summary_large_image\" \/>\n<meta name=\"twitter:label1\" content=\"Est. reading time\" \/>\n\t<meta name=\"twitter:data1\" content=\"1 minute\" \/>\n<script type=\"application\/ld+json\" class=\"yoast-schema-graph\">{\"@context\":\"https:\\\/\\\/schema.org\",\"@graph\":[{\"@type\":\"WebPage\",\"@id\":\"https:\\\/\\\/actec-ong.org\\\/es\\\/aviso-legal\\\/\",\"url\":\"https:\\\/\\\/actec-ong.org\\\/es\\\/aviso-legal\\\/\",\"name\":\"Aviso legal - ACTEC\",\"isPartOf\":{\"@id\":\"https:\\\/\\\/actec-ong.org\\\/nl\\\/#website\"},\"datePublished\":\"2018-02-19T11:44:16+00:00\",\"dateModified\":\"2018-02-27T11:04:46+00:00\",\"breadcrumb\":{\"@id\":\"https:\\\/\\\/actec-ong.org\\\/es\\\/aviso-legal\\\/#breadcrumb\"},\"inLanguage\":\"es-ES\",\"potentialAction\":[{\"@type\":\"ReadAction\",\"target\":[\"https:\\\/\\\/actec-ong.org\\\/es\\\/aviso-legal\\\/\"]}]},{\"@type\":\"BreadcrumbList\",\"@id\":\"https:\\\/\\\/actec-ong.org\\\/es\\\/aviso-legal\\\/#breadcrumb\",\"itemListElement\":[{\"@type\":\"ListItem\",\"position\":1,\"name\":\"Home\",\"item\":\"https:\\\/\\\/actec-ong.org\\\/es\\\/\"},{\"@type\":\"ListItem\",\"position\":2,\"name\":\"Aviso legal\"}]},{\"@type\":\"WebSite\",\"@id\":\"https:\\\/\\\/actec-ong.org\\\/nl\\\/#website\",\"url\":\"https:\\\/\\\/actec-ong.org\\\/nl\\\/\",\"name\":\"ACTEC\",\"description\":\"Un m\u00e9tier pour tous\",\"potentialAction\":[{\"@type\":\"SearchAction\",\"target\":{\"@type\":\"EntryPoint\",\"urlTemplate\":\"https:\\\/\\\/actec-ong.org\\\/nl\\\/?s={search_term_string}\"},\"query-input\":{\"@type\":\"PropertyValueSpecification\",\"valueRequired\":true,\"valueName\":\"search_term_string\"}}],\"inLanguage\":\"es-ES\"}]}<\/script>\n<!-- \/ Yoast SEO plugin. -->","yoast_head_json":{"title":"Aviso legal - ACTEC","robots":{"index":"index","follow":"follow","max-snippet":"max-snippet:-1","max-image-preview":"max-image-preview:large","max-video-preview":"max-video-preview:-1"},"canonical":"https:\/\/actec-ong.org\/es\/aviso-legal\/","og_locale":"es_ES","og_type":"article","og_title":"Aviso legal - ACTEC","og_description":"[vc_row margin_top=&#8221;-50&#8243; type=&#8221;vc_default&#8221; css=&#8221;.vc_custom_1519040957179{padding-top: 5% !important;padding-bottom: 5% !important;}&#8221;][vc_column offset=&#8221;vc_col-lg-12 vc_col-md-12&#8243; css=&#8221;.vc_custom_1476030031960{padding-bottom: 10px !important;}&#8221;][\/vc_column][\/vc_row][vc_row css=&#8221;.vc_custom_1519040987559{margin-top: 25px !important;margin-bottom: 75px !important;}&#8221;][vc_column width=&#8221;1\/6&#8243;][\/vc_column][vc_column width=&#8221;2\/3&#8243;][vc_column_text]Nuestro sitio web www.actec-ong.org es publicado por\u00a0ACTEC &#8211; Un oficio para todos, una asociaci\u00f3n sin \u00e1nimo de lucro creada en 1982. ACTEC es una Organizaci\u00f3n No Gubernamental (ONG) especializada en Cooperaci\u00f3n al Desarrollo. Sede: Boulevard Auguste&hellip;","og_url":"https:\/\/actec-ong.org\/es\/aviso-legal\/","og_site_name":"ACTEC","article_modified_time":"2018-02-27T11:04:46+00:00","twitter_card":"summary_large_image","twitter_misc":{"Est. reading time":"1 minute"},"schema":{"@context":"https:\/\/schema.org","@graph":[{"@type":"WebPage","@id":"https:\/\/actec-ong.org\/es\/aviso-legal\/","url":"https:\/\/actec-ong.org\/es\/aviso-legal\/","name":"Aviso legal - ACTEC","isPartOf":{"@id":"https:\/\/actec-ong.org\/nl\/#website"},"datePublished":"2018-02-19T11:44:16+00:00","dateModified":"2018-02-27T11:04:46+00:00","breadcrumb":{"@id":"https:\/\/actec-ong.org\/es\/aviso-legal\/#breadcrumb"},"inLanguage":"es-ES","potentialAction":[{"@type":"ReadAction","target":["https:\/\/actec-ong.org\/es\/aviso-legal\/"]}]},{"@type":"BreadcrumbList","@id":"https:\/\/actec-ong.org\/es\/aviso-legal\/#breadcrumb","itemListElement":[{"@type":"ListItem","position":1,"name":"Home","item":"https:\/\/actec-ong.org\/es\/"},{"@type":"ListItem","position":2,"name":"Aviso legal"}]},{"@type":"WebSite","@id":"https:\/\/actec-ong.org\/nl\/#website","url":"https:\/\/actec-ong.org\/nl\/","name":"ACTEC","description":"Un m\u00e9tier pour tous","potentialAction":[{"@type":"SearchAction","target":{"@type":"EntryPoint","urlTemplate":"https:\/\/actec-ong.org\/nl\/?s={search_term_string}"},"query-input":{"@type":"PropertyValueSpecification","valueRequired":true,"valueName":"search_term_string"}}],"inLanguage":"es-ES"}]}},"_links":{"self":[{"href":"http:\/\/actec-ong.org\/es\/wp-json\/wp\/v2\/pages\/58359","targetHints":{"allow":["GET"]}}],"collection":[{"href":"http:\/\/actec-ong.org\/es\/wp-json\/wp\/v2\/pages"}],"about":[{"href":"http:\/\/actec-ong.org\/es\/wp-json\/wp\/v2\/types\/page"}],"author":[{"embeddable":true,"href":"http:\/\/actec-ong.org\/es\/wp-json\/wp\/v2\/users\/1"}],"replies":[{"embeddable":true,"href":"http:\/\/actec-ong.org\/es\/wp-json\/wp\/v2\/comments?post=58359"}],"version-history":[{"count":2,"href":"http:\/\/actec-ong.org\/es\/wp-json\/wp\/v2\/pages\/58359\/revisions"}],"predecessor-version":[{"id":58427,"href":"http:\/\/actec-ong.org\/es\/wp-json\/wp\/v2\/pages\/58359\/revisions\/58427"}],"wp:attachment":[{"href":"http:\/\/actec-ong.org\/es\/wp-json\/wp\/v2\/media?parent=58359"}],"curies":[{"name":"wp","href":"https:\/\/api.w.org\/{rel}","templated":true}]}}