{"id":16276,"date":"2014-06-16T08:04:45","date_gmt":"2014-06-16T08:04:45","guid":{"rendered":"http:\/\/the7.io\/main\/?page_id=16276"},"modified":"2024-08-29T13:35:16","modified_gmt":"2024-08-29T13:35:16","slug":"consejo-de-administracion","status":"publish","type":"page","link":"http:\/\/actec-ong.org\/es\/sobre-nosotros\/consejo-de-administracion\/","title":{"rendered":"Consejo de administraci\u00f3n"},"content":{"rendered":"<div class=\"wpb-content-wrapper\"><p>[vc_row bg_type=&#8221;image&#8221; parallax_style=&#8221;vcpb-vz-jquery&#8221; bg_image_new=&#8221;id^60496|url^https:\/\/actec-ong.org\/wp-content\/uploads\/2018\/04\/actec-consejo-admin-1.jpg|caption^null|alt^null|title^actec-consejo-admin-1|description^null&#8221; bg_image_repeat=&#8221;no-repeat&#8221; bg_override=&#8221;ex-full&#8221; margin_top=&#8221;-50&#8243; type=&#8221;vc_default&#8221; css=&#8221;.vc_custom_1523878165620{padding-top: 16% !important;}&#8221;][vc_column offset=&#8221;vc_col-lg-12 vc_col-md-12&#8243; css=&#8221;.vc_custom_1523877679686{margin-top: 200px !important;padding-bottom: 10px !important;}&#8221;]<div id=\"uvc-type-wrap-4032\"  data-ultimate-target='#uvc-type-wrap-4032'  data-responsive-json-new='{\"font-size\":\"desktop:70px;mobile:30px;\",\"line-height\":\"desktop:80px;mobile:40px;\"}'  class=\"uvc-type-wrap vc_custom_1524127864282 ult-adjust-bottom-margin ult-responsive  uvc-type-align-center uvc-type-no-prefix uvc-wrap-52165858869ddf711c7c26\" style=\"text-align:center;\"><span id=\"typed-52165858869ddf711c7c26\" class=\"ultimate-typed-main \" style=\"color:#ffffff; font-family:&#039;Roboto&#039;;font-weight:500; text-transform: unset;\"><\/span><script type=\"text\/javascript\">\n\t\t\t\t\t\tjQuery(function($){ \n\t\t\t\t\t\t\t$(document).ready(function(){\n\t\t\t\t\t\t\t\tif( typeof jQuery(\"#typed-52165858869ddf711c7c26\").typed == \"function\"){\n\t\t\t\t\t\t\t\t\t$(\"#typed-52165858869ddf711c7c26\").typed({\n\t\t\t\t\t\t\t\t\t\tstrings: [\"NUESTRO CONSEJO DE ADMINISTRACI\u00d3N\"],\n\t\t\t\t\t\t\t\t\t\ttypeSpeed: 100,\n\t\t\t\t\t\t\t\t\t\tbackSpeed: 0,\n\t\t\t\t\t\t\t\t\t\tstartDelay: \"1400\",\n\t\t\t\t\t\t\t\t\t\tbackDelay: \"1000000\",\n\t\t\t\t\t\t\t\t\t\tloop: false,\n\t\t\t\t\t\t\t\t\t\tloopCount: false,\n\t\t\t\t\t\t\t\t\t\tshowCursor: true,\n\t\t\t\t\t\t\t\t\t\tcursorChar: \"|\",\n\t\t\t\t\t\t\t\t\t\tattr: null\n\t\t\t\t\t\t\t\t\t});\n\t\t\t\t\t\t\t\t}\n\t\t\t\t\t\t\t});\n\t\t\t\t\t\t});\n\t\t\t\t\t<\/script><\/div>[\/vc_column][\/vc_row][vc_row equal_height=&#8221;yes&#8221; css=&#8221;.vc_custom_1512035690547{margin-top: 75px !important;margin-bottom: 50px !important;}&#8221;][vc_column width=&#8221;1\/2&#8243;][vc_single_image image=&#8221;56594&#8243; img_size=&#8221;250&#215;250&#8243; alignment=&#8221;center&#8221; style=&#8221;vc_box_circle_2&#8243;]<div id=\"ultimate-heading-925969ddf711c7e0a\" class=\"uvc-heading ult-adjust-bottom-margin ultimate-heading-925969ddf711c7e0a uvc-2465 \" data-hspacer=\"no_spacer\"  data-halign=\"center\" style=\"text-align:center\"><div class=\"uvc-heading-spacer no_spacer\" style=\"top\"><\/div><div class=\"uvc-main-heading ult-responsive\"  data-ultimate-target='.uvc-heading.ultimate-heading-925969ddf711c7e0a h2'  data-responsive-json-new='{\"font-size\":\"desktop:26px;\",\"line-height\":\"desktop:36px;\"}' ><h2 style=\"font-family:&#039;Roboto&#039;;font-weight:500;\">GUY CAEYMAEX<\/h2><\/div><div class=\"uvc-sub-heading ult-responsive\"  data-ultimate-target='.uvc-heading.ultimate-heading-925969ddf711c7e0a .uvc-sub-heading '  data-responsive-json-new='{\"font-size\":\"desktop:20px;\",\"line-height\":\"\"}'  style=\"font-weight:normal;color:#b33723;\">Presidente<\/div><\/div>[\/vc_column][vc_column width=&#8221;1\/2&#8243;]<div id=\"ultimate-heading-26969ddf711c7e7e\" class=\"uvc-heading ult-adjust-bottom-margin ultimate-heading-26969ddf711c7e7e uvc-1915 \" data-hspacer=\"no_spacer\"  data-halign=\"left\" style=\"text-align:left\"><div class=\"uvc-heading-spacer no_spacer\" style=\"top\"><\/div><div class=\"uvc-main-heading ult-responsive\"  data-ultimate-target='.uvc-heading.ultimate-heading-26969ddf711c7e7e h2'  data-responsive-json-new='{\"font-size\":\"desktop:50px;mobile_landscape:30px;\",\"line-height\":\"desktop:60px;mobile_landscape:40px;\"}' ><h2 style=\"font-family:&#039;Fira Sans&#039;;font-weight:600;margin-bottom:10px;\">Nuestro consejo de administraci\u00f3n<\/h2><\/div><div class=\"uvc-sub-heading ult-responsive\"  data-ultimate-target='.uvc-heading.ultimate-heading-26969ddf711c7e7e .uvc-sub-heading '  data-responsive-json-new='{\"font-size\":\"desktop:26px;mobile_landscape:22px;\",\"line-height\":\"desktop:36px;mobile_landscape:32px;\"}'  style=\"font-weight:normal;color:#b33723;margin-bottom:35px;\"><\/p>\n<p class=\"textbox\" dir=\"ltr\" style=\"text-align: left;\">Compuesto por 4 miembros muy implicados en nuestro d\u00eda a d\u00eda<\/p>\n<p><\/div><\/div>[vc_column_text css=&#8221;&#8221;]<\/p>\n<h5>ACTEC est\u00e1 dirigido por un Consejo de Administraci\u00f3n compuesto por 4 miembros que se re\u00fanen, como m\u00ednimo, 4 \u00f3 5 veces al a\u00f1o. Las tareas del Consejo de Administraci\u00f3n consisten en definir la estrategia y dar seguimiento de su cumplimiento.<\/h5>\n<div class=\"gap\" style=\"line-height: 10px; height: 10px;\"><\/div>\n<h5>Por otra parte, la Asamblea General re\u00fane a los miembros activos de ACTEC una vez al a\u00f1o. Tiene la responsabilidad de nombrar a los administradores, aprobar la memoria anual de actividades y validar el presupuesto y los planes estrat\u00e9gicos presentados por el CA.<\/h5>\n<p>[\/vc_column_text][\/vc_column][\/vc_row][vc_row full_width=&#8221;stretch_row_content_no_spaces&#8221; gap=&#8221;25&#8243; equal_height=&#8221;yes&#8221; bg_type=&#8221;bg_color&#8221; css=&#8221;.vc_custom_1512035671847{padding-top: 75px !important;padding-right: 75px !important;padding-bottom: 75px !important;padding-left: 75px !important;}&#8221; bg_color_value=&#8221;#f7f7f7&#8243;][vc_column width=&#8221;1\/3&#8243;][vc_single_image image=&#8221;56586&#8243; img_size=&#8221;180&#215;180&#8243; alignment=&#8221;center&#8221; style=&#8221;vc_box_circle_2&#8243;]<div id=\"ultimate-heading-505869ddf711c7f0d\" class=\"uvc-heading ult-adjust-bottom-margin ultimate-heading-505869ddf711c7f0d uvc-1420 \" data-hspacer=\"no_spacer\"  data-halign=\"center\" style=\"text-align:center\"><div class=\"uvc-heading-spacer no_spacer\" style=\"top\"><\/div><div class=\"uvc-main-heading ult-responsive\"  data-ultimate-target='.uvc-heading.ultimate-heading-505869ddf711c7f0d h2'  data-responsive-json-new='{\"font-size\":\"desktop:22px;\",\"line-height\":\"\"}' ><h2 style=\"font-family:&#039;Roboto&#039;;font-weight:500;\">DANIEL TURIEL<\/h2><\/div><div class=\"uvc-sub-heading ult-responsive\"  data-ultimate-target='.uvc-heading.ultimate-heading-505869ddf711c7f0d .uvc-sub-heading '  data-responsive-json-new='{\"font-size\":\"desktop:16px;\",\"line-height\":\"\"}'  style=\"font-weight:normal;color:#b33723;margin-bottom:20px;\">Administrador Delegado<\/div><\/div>[\/vc_column][vc_column width=&#8221;1\/3&#8243;][vc_single_image image=&#8221;56598&#8243; img_size=&#8221;180&#215;180&#8243; alignment=&#8221;center&#8221; style=&#8221;vc_box_circle_2&#8243;]<div id=\"ultimate-heading-873569ddf711c7f7f\" class=\"uvc-heading ult-adjust-bottom-margin ultimate-heading-873569ddf711c7f7f uvc-5666 \" data-hspacer=\"no_spacer\"  data-halign=\"center\" style=\"text-align:center\"><div class=\"uvc-heading-spacer no_spacer\" style=\"top\"><\/div><div class=\"uvc-main-heading ult-responsive\"  data-ultimate-target='.uvc-heading.ultimate-heading-873569ddf711c7f7f h2'  data-responsive-json-new='{\"font-size\":\"desktop:22px;\",\"line-height\":\"\"}' ><h2 style=\"font-family:&#039;Roboto&#039;;font-weight:500;\">V\u00c9RONIQUE DE B\u00c9THUNE<\/h2><\/div><div class=\"uvc-sub-heading ult-responsive\"  data-ultimate-target='.uvc-heading.ultimate-heading-873569ddf711c7f7f .uvc-sub-heading '  data-responsive-json-new='{\"font-size\":\"desktop:16px;\",\"line-height\":\"\"}'  style=\"font-weight:normal;color:#b33723;margin-bottom:20px;\">Administradora<\/div><\/div>[\/vc_column][vc_column width=&#8221;1\/3&#8243;][vc_single_image image=&#8221;56582&#8243; img_size=&#8221;180&#215;180&#8243; alignment=&#8221;center&#8221; style=&#8221;vc_box_circle_2&#8243;]<div id=\"ultimate-heading-25169ddf711c7fde\" class=\"uvc-heading ult-adjust-bottom-margin ultimate-heading-25169ddf711c7fde uvc-2716 \" data-hspacer=\"no_spacer\"  data-halign=\"center\" style=\"text-align:center\"><div class=\"uvc-heading-spacer no_spacer\" style=\"top\"><\/div><div class=\"uvc-main-heading ult-responsive\"  data-ultimate-target='.uvc-heading.ultimate-heading-25169ddf711c7fde h2'  data-responsive-json-new='{\"font-size\":\"desktop:22px;\",\"line-height\":\"\"}' ><h2 style=\"font-family:&#039;Roboto&#039;;font-weight:500;\">BERNARD MICHELET<\/h2><\/div><div class=\"uvc-sub-heading ult-responsive\"  data-ultimate-target='.uvc-heading.ultimate-heading-25169ddf711c7fde .uvc-sub-heading '  data-responsive-json-new='{\"font-size\":\"desktop:16px;\",\"line-height\":\"\"}'  style=\"font-weight:normal;color:#b33723;margin-bottom:20px;\">Administrador<\/div><\/div>[\/vc_column][\/vc_row]<\/p>\n<\/div>","protected":false},"excerpt":{"rendered":"<p>[vc_row bg_type=&#8221;image&#8221; parallax_style=&#8221;vcpb-vz-jquery&#8221; bg_image_new=&#8221;id^60496|url^https:\/\/actec-ong.org\/wp-content\/uploads\/2018\/04\/actec-consejo-admin-1.jpg|caption^null|alt^null|title^actec-consejo-admin-1|description^null&#8221; bg_image_repeat=&#8221;no-repeat&#8221; bg_override=&#8221;ex-full&#8221; margin_top=&#8221;-50&#8243; type=&#8221;vc_default&#8221; css=&#8221;.vc_custom_1523878165620{padding-top: 16% !important;}&#8221;][vc_column offset=&#8221;vc_col-lg-12 vc_col-md-12&#8243; css=&#8221;.vc_custom_1523877679686{margin-top: 200px !important;padding-bottom: 10px !important;}&#8221;][\/vc_column][\/vc_row][vc_row equal_height=&#8221;yes&#8221; css=&#8221;.vc_custom_1512035690547{margin-top: 75px !important;margin-bottom: 50px !important;}&#8221;][vc_column width=&#8221;1\/2&#8243;][vc_single_image image=&#8221;56594&#8243; img_size=&#8221;250&#215;250&#8243; alignment=&#8221;center&#8221; style=&#8221;vc_box_circle_2&#8243;][\/vc_column][vc_column width=&#8221;1\/2&#8243;][vc_column_text css=&#8221;&#8221;] ACTEC est\u00e1 dirigido por un Consejo de Administraci\u00f3n compuesto por 4 miembros que se re\u00fanen, como m\u00ednimo, 4 \u00f3 5 veces al a\u00f1o. Las&hellip;<\/p>\n","protected":false},"author":1,"featured_media":0,"parent":16279,"menu_order":30,"comment_status":"closed","ping_status":"closed","template":"","meta":{"inline_featured_image":false,"footnotes":""},"class_list":["post-16276","page","type-page","status-publish","hentry","description-off"],"yoast_head":"<!-- This site is optimized with the Yoast SEO plugin v27.3 - https:\/\/yoast.com\/product\/yoast-seo-wordpress\/ -->\n<title>Consejo de administraci\u00f3n - ACTEC<\/title>\n<meta name=\"robots\" content=\"index, follow, max-snippet:-1, max-image-preview:large, max-video-preview:-1\" \/>\n<link rel=\"canonical\" href=\"http:\/\/actec-ong.org\/es\/sobre-nosotros\/consejo-de-administracion\/\" \/>\n<meta property=\"og:locale\" content=\"es_ES\" \/>\n<meta property=\"og:type\" content=\"article\" \/>\n<meta property=\"og:title\" content=\"Consejo de administraci\u00f3n - ACTEC\" \/>\n<meta property=\"og:description\" content=\"[vc_row bg_type=&#8221;image&#8221; parallax_style=&#8221;vcpb-vz-jquery&#8221; bg_image_new=&#8221;id^60496|url^https:\/\/actec-ong.org\/wp-content\/uploads\/2018\/04\/actec-consejo-admin-1.jpg|caption^null|alt^null|title^actec-consejo-admin-1|description^null&#8221; bg_image_repeat=&#8221;no-repeat&#8221; bg_override=&#8221;ex-full&#8221; margin_top=&#8221;-50&#8243; type=&#8221;vc_default&#8221; css=&#8221;.vc_custom_1523878165620{padding-top: 16% !important;}&#8221;][vc_column offset=&#8221;vc_col-lg-12 vc_col-md-12&#8243; css=&#8221;.vc_custom_1523877679686{margin-top: 200px !important;padding-bottom: 10px !important;}&#8221;][\/vc_column][\/vc_row][vc_row equal_height=&#8221;yes&#8221; css=&#8221;.vc_custom_1512035690547{margin-top: 75px !important;margin-bottom: 50px !important;}&#8221;][vc_column width=&#8221;1\/2&#8243;][vc_single_image image=&#8221;56594&#8243; img_size=&#8221;250&#215;250&#8243; alignment=&#8221;center&#8221; style=&#8221;vc_box_circle_2&#8243;][\/vc_column][vc_column width=&#8221;1\/2&#8243;][vc_column_text css=&#8221;&#8221;] ACTEC est\u00e1 dirigido por un Consejo de Administraci\u00f3n compuesto por 4 miembros que se re\u00fanen, como m\u00ednimo, 4 \u00f3 5 veces al a\u00f1o. Las&hellip;\" \/>\n<meta property=\"og:url\" content=\"http:\/\/actec-ong.org\/es\/sobre-nosotros\/consejo-de-administracion\/\" \/>\n<meta property=\"og:site_name\" content=\"ACTEC\" \/>\n<meta property=\"article:modified_time\" content=\"2024-08-29T13:35:16+00:00\" \/>\n<meta name=\"twitter:card\" content=\"summary_large_image\" \/>\n<meta name=\"twitter:label1\" content=\"Est. reading time\" \/>\n\t<meta name=\"twitter:data1\" content=\"2 minutes\" \/>\n<script type=\"application\/ld+json\" class=\"yoast-schema-graph\">{\"@context\":\"https:\\\/\\\/schema.org\",\"@graph\":[{\"@type\":\"WebPage\",\"@id\":\"http:\\\/\\\/actec-ong.org\\\/es\\\/sobre-nosotros\\\/consejo-de-administracion\\\/\",\"url\":\"http:\\\/\\\/actec-ong.org\\\/es\\\/sobre-nosotros\\\/consejo-de-administracion\\\/\",\"name\":\"Consejo de administraci\u00f3n - ACTEC\",\"isPartOf\":{\"@id\":\"https:\\\/\\\/actec-ong.org\\\/nl\\\/#website\"},\"datePublished\":\"2014-06-16T08:04:45+00:00\",\"dateModified\":\"2024-08-29T13:35:16+00:00\",\"breadcrumb\":{\"@id\":\"http:\\\/\\\/actec-ong.org\\\/es\\\/sobre-nosotros\\\/consejo-de-administracion\\\/#breadcrumb\"},\"inLanguage\":\"es-ES\",\"potentialAction\":[{\"@type\":\"ReadAction\",\"target\":[\"http:\\\/\\\/actec-ong.org\\\/es\\\/sobre-nosotros\\\/consejo-de-administracion\\\/\"]}]},{\"@type\":\"BreadcrumbList\",\"@id\":\"http:\\\/\\\/actec-ong.org\\\/es\\\/sobre-nosotros\\\/consejo-de-administracion\\\/#breadcrumb\",\"itemListElement\":[{\"@type\":\"ListItem\",\"position\":1,\"name\":\"Home\",\"item\":\"https:\\\/\\\/actec-ong.org\\\/es\\\/\"},{\"@type\":\"ListItem\",\"position\":2,\"name\":\"Sobre nosotros\",\"item\":\"http:\\\/\\\/actec-ong.org\\\/es\\\/sobre-nosotros\\\/\"},{\"@type\":\"ListItem\",\"position\":3,\"name\":\"Consejo de administraci\u00f3n\"}]},{\"@type\":\"WebSite\",\"@id\":\"https:\\\/\\\/actec-ong.org\\\/nl\\\/#website\",\"url\":\"https:\\\/\\\/actec-ong.org\\\/nl\\\/\",\"name\":\"ACTEC\",\"description\":\"Un m\u00e9tier pour tous\",\"potentialAction\":[{\"@type\":\"SearchAction\",\"target\":{\"@type\":\"EntryPoint\",\"urlTemplate\":\"https:\\\/\\\/actec-ong.org\\\/nl\\\/?s={search_term_string}\"},\"query-input\":{\"@type\":\"PropertyValueSpecification\",\"valueRequired\":true,\"valueName\":\"search_term_string\"}}],\"inLanguage\":\"es-ES\"}]}<\/script>\n<!-- \/ Yoast SEO plugin. -->","yoast_head_json":{"title":"Consejo de administraci\u00f3n - ACTEC","robots":{"index":"index","follow":"follow","max-snippet":"max-snippet:-1","max-image-preview":"max-image-preview:large","max-video-preview":"max-video-preview:-1"},"canonical":"http:\/\/actec-ong.org\/es\/sobre-nosotros\/consejo-de-administracion\/","og_locale":"es_ES","og_type":"article","og_title":"Consejo de administraci\u00f3n - ACTEC","og_description":"[vc_row bg_type=&#8221;image&#8221; parallax_style=&#8221;vcpb-vz-jquery&#8221; bg_image_new=&#8221;id^60496|url^https:\/\/actec-ong.org\/wp-content\/uploads\/2018\/04\/actec-consejo-admin-1.jpg|caption^null|alt^null|title^actec-consejo-admin-1|description^null&#8221; bg_image_repeat=&#8221;no-repeat&#8221; bg_override=&#8221;ex-full&#8221; margin_top=&#8221;-50&#8243; type=&#8221;vc_default&#8221; css=&#8221;.vc_custom_1523878165620{padding-top: 16% !important;}&#8221;][vc_column offset=&#8221;vc_col-lg-12 vc_col-md-12&#8243; css=&#8221;.vc_custom_1523877679686{margin-top: 200px !important;padding-bottom: 10px !important;}&#8221;][\/vc_column][\/vc_row][vc_row equal_height=&#8221;yes&#8221; css=&#8221;.vc_custom_1512035690547{margin-top: 75px !important;margin-bottom: 50px !important;}&#8221;][vc_column width=&#8221;1\/2&#8243;][vc_single_image image=&#8221;56594&#8243; img_size=&#8221;250&#215;250&#8243; alignment=&#8221;center&#8221; style=&#8221;vc_box_circle_2&#8243;][\/vc_column][vc_column width=&#8221;1\/2&#8243;][vc_column_text css=&#8221;&#8221;] ACTEC est\u00e1 dirigido por un Consejo de Administraci\u00f3n compuesto por 4 miembros que se re\u00fanen, como m\u00ednimo, 4 \u00f3 5 veces al a\u00f1o. Las&hellip;","og_url":"http:\/\/actec-ong.org\/es\/sobre-nosotros\/consejo-de-administracion\/","og_site_name":"ACTEC","article_modified_time":"2024-08-29T13:35:16+00:00","twitter_card":"summary_large_image","twitter_misc":{"Est. reading time":"2 minutes"},"schema":{"@context":"https:\/\/schema.org","@graph":[{"@type":"WebPage","@id":"http:\/\/actec-ong.org\/es\/sobre-nosotros\/consejo-de-administracion\/","url":"http:\/\/actec-ong.org\/es\/sobre-nosotros\/consejo-de-administracion\/","name":"Consejo de administraci\u00f3n - ACTEC","isPartOf":{"@id":"https:\/\/actec-ong.org\/nl\/#website"},"datePublished":"2014-06-16T08:04:45+00:00","dateModified":"2024-08-29T13:35:16+00:00","breadcrumb":{"@id":"http:\/\/actec-ong.org\/es\/sobre-nosotros\/consejo-de-administracion\/#breadcrumb"},"inLanguage":"es-ES","potentialAction":[{"@type":"ReadAction","target":["http:\/\/actec-ong.org\/es\/sobre-nosotros\/consejo-de-administracion\/"]}]},{"@type":"BreadcrumbList","@id":"http:\/\/actec-ong.org\/es\/sobre-nosotros\/consejo-de-administracion\/#breadcrumb","itemListElement":[{"@type":"ListItem","position":1,"name":"Home","item":"https:\/\/actec-ong.org\/es\/"},{"@type":"ListItem","position":2,"name":"Sobre nosotros","item":"http:\/\/actec-ong.org\/es\/sobre-nosotros\/"},{"@type":"ListItem","position":3,"name":"Consejo de administraci\u00f3n"}]},{"@type":"WebSite","@id":"https:\/\/actec-ong.org\/nl\/#website","url":"https:\/\/actec-ong.org\/nl\/","name":"ACTEC","description":"Un m\u00e9tier pour tous","potentialAction":[{"@type":"SearchAction","target":{"@type":"EntryPoint","urlTemplate":"https:\/\/actec-ong.org\/nl\/?s={search_term_string}"},"query-input":{"@type":"PropertyValueSpecification","valueRequired":true,"valueName":"search_term_string"}}],"inLanguage":"es-ES"}]}},"_links":{"self":[{"href":"http:\/\/actec-ong.org\/es\/wp-json\/wp\/v2\/pages\/16276","targetHints":{"allow":["GET"]}}],"collection":[{"href":"http:\/\/actec-ong.org\/es\/wp-json\/wp\/v2\/pages"}],"about":[{"href":"http:\/\/actec-ong.org\/es\/wp-json\/wp\/v2\/types\/page"}],"author":[{"embeddable":true,"href":"http:\/\/actec-ong.org\/es\/wp-json\/wp\/v2\/users\/1"}],"replies":[{"embeddable":true,"href":"http:\/\/actec-ong.org\/es\/wp-json\/wp\/v2\/comments?post=16276"}],"version-history":[{"count":31,"href":"http:\/\/actec-ong.org\/es\/wp-json\/wp\/v2\/pages\/16276\/revisions"}],"predecessor-version":[{"id":65843,"href":"http:\/\/actec-ong.org\/es\/wp-json\/wp\/v2\/pages\/16276\/revisions\/65843"}],"up":[{"embeddable":true,"href":"http:\/\/actec-ong.org\/es\/wp-json\/wp\/v2\/pages\/16279"}],"wp:attachment":[{"href":"http:\/\/actec-ong.org\/es\/wp-json\/wp\/v2\/media?parent=16276"}],"curies":[{"name":"wp","href":"https:\/\/api.w.org\/{rel}","templated":true}]}}